{"id":84,"date":"2020-07-14T09:18:23","date_gmt":"2020-07-14T07:18:23","guid":{"rendered":"https:\/\/test.itell.solutions\/?page_id=84"},"modified":"2025-02-03T14:46:37","modified_gmt":"2025-02-03T13:46:37","slug":"impressum","status":"publish","type":"page","link":"https:\/\/itell.solutions\/en\/impressum\/","title":{"rendered":"Impressum"},"content":{"rendered":"<div data-elementor-type=\"wp-page\" data-elementor-id=\"84\" class=\"elementor elementor-84\" data-elementor-post-type=\"page\">\n\t\t\t\t\t\t<section class=\"elementor-section elementor-top-section elementor-element elementor-element-cc4218c elementor-section-boxed elementor-section-height-default elementor-section-height-default\" data-id=\"cc4218c\" data-element_type=\"section\">\n\t\t\t\t\t\t<div class=\"elementor-container elementor-column-gap-default\">\n\t\t\t\t\t<div class=\"elementor-column elementor-col-100 elementor-top-column elementor-element elementor-element-c52a70b\" data-id=\"c52a70b\" data-element_type=\"column\">\n\t\t\t<div class=\"elementor-widget-wrap elementor-element-populated\">\n\t\t\t\t\t\t<div class=\"elementor-element elementor-element-03ea6bd elementor-widget elementor-widget-heading\" data-id=\"03ea6bd\" data-element_type=\"widget\" data-widget_type=\"heading.default\">\n\t\t\t\t<div class=\"elementor-widget-container\">\n\t\t\t\t\t<h1 class=\"elementor-heading-title elementor-size-default\">Impressum<\/h1>\t\t\t\t<\/div>\n\t\t\t\t<\/div>\n\t\t\t\t<div class=\"elementor-element elementor-element-03f12a1 elementor-widget elementor-widget-text-editor\" data-id=\"03f12a1\" data-element_type=\"widget\" data-widget_type=\"text-editor.default\">\n\t\t\t\t<div class=\"elementor-widget-container\">\n\t\t\t\t\t\t\t\t\t<p style=\"margin-right: 0px; margin-bottom: 32px; margin-left: 0px; padding: 0px; border: 0px; font-variant-numeric: inherit; font-variant-east-asian: inherit; font-stretch: inherit; font-size: 18px; line-height: inherit;\">Informationspflicht laut \u00a75 E-Commerce Gesetz, \u00a714 Unternehmensgesetzbuch, \u00a763 Gewerbeordnung und Offenlegungspflicht laut \u00a725 Mediengesetz<\/p><p style=\"margin-right: 0px; margin-bottom: 32px; margin-left: 0px; padding: 0px; border: 0px; font-variant-numeric: inherit; font-variant-east-asian: inherit; font-stretch: inherit; font-size: 18px; line-height: inherit;\">ITELL.SOLUTIONS\u00a0GmbH<\/p><p style=\"margin-right: 0px; margin-bottom: 32px; margin-left: 0px; padding: 0px; border: 0px; font-variant-numeric: inherit; font-variant-east-asian: inherit; font-stretch: inherit; font-size: 18px; line-height: inherit;\">Neubaugasse 24<br \/>8020 Graz, \u00d6sterreich<\/p><p style=\"margin-right: 0px; margin-bottom: 32px; margin-left: 0px; padding: 0px; border: 0px; font-variant-numeric: inherit; font-variant-east-asian: inherit; font-stretch: inherit; font-size: 18px; line-height: inherit;\">Unternehmensgegenstand<\/p><p style=\"margin-right: 0px; margin-bottom: 32px; margin-left: 0px; padding: 0px; border: 0px; font-variant-numeric: inherit; font-variant-east-asian: inherit; font-stretch: inherit; font-size: 18px; line-height: inherit;\">Entwicklung von Software zur Optimierung der Kundenzufriedenheit<br \/>in Dienstleistungsbetrieben; Vermarktung und Verkauf von Software und Hardware<\/p><p style=\"margin-right: 0px; margin-bottom: 32px; margin-left: 0px; padding: 0px; border: 0px; font-variant-numeric: inherit; font-variant-east-asian: inherit; font-stretch: inherit; font-size: 18px; line-height: inherit;\">Gesch\u00e4ftsf\u00fchrende Gesellschafter<\/p><p style=\"margin-right: 0px; margin-bottom: 32px; margin-left: 0px; padding: 0px; border: 0px; font-variant-numeric: inherit; font-variant-east-asian: inherit; font-stretch: inherit; font-size: 18px; line-height: inherit;\">Dominik H\u00fctter, BSc.<br \/>DI David Prott<\/p><p style=\"margin-right: 0px; margin-bottom: 32px; margin-left: 0px; padding: 0px; border: 0px; font-variant-numeric: inherit; font-variant-east-asian: inherit; font-stretch: inherit; font-size: 18px; line-height: inherit;\">Kontaktdaten<\/p><p style=\"margin-right: 0px; margin-bottom: 32px; margin-left: 0px; padding: 0px; border: 0px; font-variant-numeric: inherit; font-variant-east-asian: inherit; font-stretch: inherit; font-size: 18px; line-height: inherit;\">Tel.:\u00a0+43 660 16 99 530<br \/>E-Mail:\u00a0hello@itell.solutions<br \/>Homepage:\u00a0www.itell.solutions<\/p><p style=\"margin-right: 0px; margin-bottom: 32px; margin-left: 0px; padding: 0px; border: 0px; font-variant-numeric: inherit; font-variant-east-asian: inherit; font-stretch: inherit; font-size: 18px; line-height: inherit;\">Firmenbuchnummer<\/p><p style=\"margin-right: 0px; margin-bottom: 32px; margin-left: 0px; padding: 0px; border: 0px; font-variant-numeric: inherit; font-variant-east-asian: inherit; font-stretch: inherit; font-size: 18px; line-height: inherit;\">FN 491539 b<\/p><p style=\"margin-right: 0px; margin-bottom: 32px; margin-left: 0px; padding: 0px; border: 0px; font-variant-numeric: inherit; font-variant-east-asian: inherit; font-stretch: inherit; font-size: 18px; line-height: inherit;\">UID<\/p><p style=\"margin-right: 0px; margin-bottom: 32px; margin-left: 0px; padding: 0px; border: 0px; font-variant-numeric: inherit; font-variant-east-asian: inherit; font-stretch: inherit; font-size: 18px; line-height: inherit;\">ATU73317957<\/p><p style=\"margin-right: 0px; margin-bottom: 32px; margin-left: 0px; padding: 0px; border: 0px; font-variant-numeric: inherit; font-variant-east-asian: inherit; font-stretch: inherit; font-size: 18px; line-height: inherit;\">Firmenbuchgericht<\/p><p style=\"margin-right: 0px; margin-bottom: 32px; margin-left: 0px; padding: 0px; border: 0px; font-variant-numeric: inherit; font-variant-east-asian: inherit; font-stretch: inherit; font-size: 18px; line-height: inherit;\">Landesgericht f\u00fcr Zivilrechtsachen<br \/>Marburger Kai 49<br \/>8010 Graz, \u00d6sterreich<\/p><p style=\"margin-right: 0px; margin-bottom: 32px; margin-left: 0px; padding: 0px; border: 0px; font-variant-numeric: inherit; font-variant-east-asian: inherit; font-stretch: inherit; font-size: 18px; line-height: inherit;\"><span style=\"margin: 0px; padding: 0px; border: 0px; font: inherit; vertical-align: baseline;\">Angaben zur Online-Streitbeilegung<\/span><\/p><p>Verbraucher haben die M\u00f6glichkeit, Beschwerden an die OnlineStreitbeilegungsplattform der EU zu richten: http:\/\/ec.europa.eu\/odr. Sie k\u00f6nnen allf\u00e4llige Beschwerde auch an die oben angegebene E-Mail-Adresse richten.<\/p><p style=\"margin-right: 0px; margin-bottom: 32px; margin-left: 0px; padding: 0px; border: 0px; font-variant-numeric: inherit; font-variant-east-asian: inherit; font-stretch: inherit; font-size: 18px; line-height: inherit;\">Quelle: Erstellt\u00a0mit dem\u00a0Impressum Generator von firmenwebseiten.at\u00a0in Kooperation mit schoenheitsmagazin.at.<\/p><p style=\"margin-right: 0px; margin-bottom: 32px; margin-left: 0px; padding: 0px; border: 0px; font-variant-numeric: inherit; font-variant-east-asian: inherit; font-stretch: inherit; font-size: 18px; line-height: inherit;\"><span style=\"margin: 0px; padding: 0px; border: 0px; font: inherit; vertical-align: baseline;\">Datenschutzerkl\u00e4rung<\/span><\/p><p style=\"margin-right: 0px; margin-bottom: 32px; margin-left: 0px; padding: 0px; border: 0px; font-variant-numeric: inherit; font-variant-east-asian: inherit; font-stretch: inherit; font-size: 18px; line-height: inherit;\">Wir legen gro\u00dfen Wert auf den Schutz Ihrer Daten. Um Sie in vollem Umfang \u00fcber die Verwendung personenbezogener Daten zu informieren, bitten wir Sie die folgenden Datenschutzhinweise zur Kenntnis zu nehmen.<\/p><p style=\"margin-right: 0px; margin-bottom: 32px; margin-left: 0px; padding: 0px; border: 0px; font-variant-numeric: inherit; font-variant-east-asian: inherit; font-stretch: inherit; font-size: 18px; line-height: inherit;\"><span style=\"margin: 0px; padding: 0px; border: 0px; font: inherit; vertical-align: baseline;\">Pers\u00f6nliche Daten<\/span><\/p><p style=\"margin-right: 0px; margin-bottom: 32px; margin-left: 0px; padding: 0px; border: 0px; font-variant-numeric: inherit; font-variant-east-asian: inherit; font-stretch: inherit; font-size: 18px; line-height: inherit;\">Pers\u00f6nliche Daten, die Sie auf dieser\u00a0Website elektronisch \u00fcbermitteln, wie zum Beispiel Name, E-Mail-Adresse, Adresse\u00a0oder andere pers\u00f6nlichen Angaben, werden von uns nur zum jeweils angegebenen Zweck verwendet, sicher verwahrt und nicht an Dritte weitergegeben. Der Provider erhebt und speichert automatisch Informationen am Webserver wie verwendeter Browser, Betriebssystem, Verweisseite, IP-Adresse, Uhrzeit des Zugriffs usw. Diese Daten k\u00f6nnen ohne Pr\u00fcfung weiterer Datenquellen keinen bestimmten Personen zugeordnet werden und wir werten diese Daten auch nicht weiter aus solange keine rechtswidrige Nutzung unserer Webseite vorliegt.<\/p><p style=\"margin-right: 0px; margin-bottom: 32px; margin-left: 0px; padding: 0px; border: 0px; font-variant-numeric: inherit; font-variant-east-asian: inherit; font-stretch: inherit; font-size: 18px; line-height: inherit;\"><span style=\"margin: 0px; padding: 0px; border: 0px; font: inherit; vertical-align: baseline;\">Formulardaten und Kommentare<\/span><\/p><p style=\"margin-right: 0px; margin-bottom: 32px; margin-left: 0px; padding: 0px; border: 0px; font-variant-numeric: inherit; font-variant-east-asian: inherit; font-stretch: inherit; font-size: 18px; line-height: inherit;\">Wenn Webseitenbesucher Kommentare oder Formulareintr\u00e4ge hinterlassen, werden die eingegebenen Daten und ihre IP-Adressen gespeichert. Das erfolgt zur Sicherheit, falls jemand widerrechtliche Inhalte verfasst (Beleidigungen, links- oder rechtsextreme Propaganda, Hasspostings usw.). In diesem Fall sind wir\u00a0an der Identit\u00e4t des Verfassers interessiert.<\/p><p style=\"margin-right: 0px; margin-bottom: 32px; margin-left: 0px; padding: 0px; border: 0px; font-variant-numeric: inherit; font-variant-east-asian: inherit; font-stretch: inherit; font-size: 18px; line-height: inherit;\"><span style=\"margin: 0px; padding: 0px; border: 0px; font: inherit; vertical-align: baseline;\">Datenschutzerkl\u00e4rung f\u00fcr die Nutzung von Google Analytics<\/span><\/p><p style=\"margin-right: 0px; margin-bottom: 32px; margin-left: 0px; padding: 0px; border: 0px; font-variant-numeric: inherit; font-variant-east-asian: inherit; font-stretch: inherit; font-size: 18px; line-height: inherit;\">Diese Website benutzt Google Analytics, einen Webanalysedienst der Google Inc. (\u201eGoogle\u201c). Google Analytics verwendet sog. \u201eCookies\u201c, Textdateien, die auf Ihrem Computer gespeichert werden und die eine Analyse der Benutzung der Website durch Sie erm\u00f6glichen. Die durch den Cookie erzeugten Informationen \u00fcber Ihre Benutzung dieser Website werden in der Regel an einen Server von Google in den USA \u00fcbertragen und dort gespeichert. Im Falle der Aktivierung der IP-Anonymisierung auf dieser Webseite, wird Ihre IP-Adresse von Google jedoch innerhalb von Mitgliedstaaten der Europ\u00e4ischen Union oder in anderen Vertragsstaaten des Abkommens \u00fcber den Europ\u00e4ischen Wirtschaftsraum zuvor gek\u00fcrzt. Nur in Ausnahmef\u00e4llen wird die volle IP-Adresse an einen Server von Google in den USA \u00fcbertragen und dort gek\u00fcrzt. Im Auftrag des Betreibers dieser Website wird Google diese Informationen benutzen, um Ihre Nutzung der Website auszuwerten, um Reports \u00fcber die Websiteaktivit\u00e4ten zusammenzustellen und um weitere mit der Websitenutzung und der Internetnutzung verbundene Dienstleistungen gegen\u00fcber dem Websitebetreiber zu erbringen. Die im Rahmen von Google Analytics von Ihrem Browser \u00fcbermittelte IP-Adresse wird nicht mit anderen Daten von Google zusammengef\u00fchrt. Sie k\u00f6nnen die Speicherung der Cookies durch eine entsprechende Einstellung Ihrer Browser-Software verhindern; wir weisen Sie jedoch darauf hin, dass Sie in diesem Fall gegebenenfalls nicht s\u00e4mtliche Funktionen dieser Website vollumf\u00e4nglich werden nutzen k\u00f6nnen. Sie k\u00f6nnen dar\u00fcber hinaus die Erfassung der durch das Cookie erzeugten und auf Ihre Nutzung der Website bezogenen Daten (inkl. Ihrer IP-Adresse) an Google sowie die Verarbeitung dieser Daten durch Google verhindern, indem sie das unter dem folgenden Link (http:\/\/tools.google.com\/dlpage\/gaoptout?hl=de) verf\u00fcgbare Browser-Plugin herunterladen und installieren.<\/p><p style=\"margin-right: 0px; margin-bottom: 32px; margin-left: 0px; padding: 0px; border: 0px; font-variant-numeric: inherit; font-variant-east-asian: inherit; font-stretch: inherit; font-size: 18px; line-height: inherit;\">N\u00e4here Informationen zu Nutzungsbedingungen und Datenschutz finden Sie unter http:\/\/www.google.com\/analytics\/terms\/de.html bzw. unter https:\/\/support.google.com\/analytics\/answer\/6004245?hl=de. Wir weisen Sie darauf hin, dass auf dieser Webseite Google Analytics um den Code \u201egat._anonymizeIp();\u201c erweitert wurde, um eine anonymisierte Erfassung von IP-Adressen (sog. IP-Masking) zu gew\u00e4hrleisten.<\/p><p style=\"margin-right: 0px; margin-bottom: 32px; margin-left: 0px; padding: 0px; border: 0px; font-variant-numeric: inherit; font-variant-east-asian: inherit; font-stretch: inherit; font-size: 18px; line-height: inherit;\"><span style=\"margin: 0px; padding: 0px; border: 0px; font: inherit; vertical-align: baseline;\">Google Maps<\/span><\/p><p style=\"margin-right: 0px; margin-bottom: 32px; margin-left: 0px; padding: 0px; border: 0px; font-variant-numeric: inherit; font-variant-east-asian: inherit; font-stretch: inherit; font-size: 18px; line-height: inherit;\">Diese Webseite verwendet Google Maps f\u00fcr die Darstellung von Karteninformationen. Bei der Nutzung von Google Maps werden von Google auch Daten \u00fcber die Nutzung der Maps-Funktionen durch Besucher der Webseiten erhoben, verarbeitet und genutzt. N\u00e4here Informationen \u00fcber die Datenverarbeitung durch Google k\u00f6nnen Sie den Datenschutzhinweisen von Google auf https:\/\/www.google.at\/intl\/de\/policies\/privacy\/ \u00a0entnehmen. Dort k\u00f6nnen Sie im Datenschutzcenter auch Ihre Einstellungen ver\u00e4ndern, so dass Sie Ihre Daten verwalten und sch\u00fctzen k\u00f6nnen.<\/p><p style=\"margin-right: 0px; margin-bottom: 32px; margin-left: 0px; padding: 0px; border: 0px; font-variant-numeric: inherit; font-variant-east-asian: inherit; font-stretch: inherit; font-size: 18px; line-height: inherit;\"><span style=\"margin: 0px; padding: 0px; border: 0px; font: inherit; vertical-align: baseline;\">Datenschutzerkl\u00e4rung f\u00fcr die Nutzung von\u00a0Facebook<\/span><\/p><p style=\"margin-right: 0px; margin-bottom: 32px; margin-left: 0px; padding: 0px; border: 0px; font-variant-numeric: inherit; font-variant-east-asian: inherit; font-stretch: inherit; font-size: 18px; line-height: inherit;\">Auf unseren Seiten sind Plugins des sozialen Netzwerks Facebook, 1601 South California Avenue, Palo Alto, CA 94304, USA integriert. Die Facebook-Plugins erkennen Sie an dem Facebook-Logo oder dem \u201eLike-Button\u201c (\u201eGef\u00e4llt mir\u201c) auf unserer Seite. Eine \u00dcbersicht \u00fcber die Facebook-Plugins finden Sie hier: https:\/\/developers.facebook.com\/docs\/plugins\/.<\/p><p style=\"margin-right: 0px; margin-bottom: 32px; margin-left: 0px; padding: 0px; border: 0px; font-variant-numeric: inherit; font-variant-east-asian: inherit; font-stretch: inherit; font-size: 18px; line-height: inherit;\">Wenn Sie unsere Seiten besuchen, wird \u00fcber das Plugin eine direkte Verbindung zwischen Ihrem Browser und dem Facebook-Server hergestellt. Facebook erh\u00e4lt dadurch die Information, dass Sie mit Ihrer IP-Adresse unsere Seite besucht haben. Wenn Sie den Facebook \u201eLike-Button\u201c anklicken w\u00e4hrend Sie in Ihrem Facebook-Account eingeloggt sind, k\u00f6nnen Sie die Inhalte unserer Seiten auf Ihrem Facebook-Profil verlinken. Dadurch kann Facebook den Besuch unserer Seiten Ihrem Benutzerkonto zuordnen. Wir weisen darauf hin, dass wir als Anbieter der Seiten keine Kenntnis vom Inhalt der \u00fcbermittelten Daten sowie deren Nutzung durch Facebook erhalten. Weitere Informationen hierzu finden Sie in der Datenschutzerkl\u00e4rung von Facebook unter https:\/\/www.facebook.com\/policy.php\u00a0Wenn Sie nicht w\u00fcnschen, dass Facebook den Besuch unserer Seiten Ihrem Facebook- Nutzerkonto zuordnen\u00a0kann, loggen Sie sich bitte aus Ihrem Facebook-Benutzerkonto aus.<\/p><p style=\"margin-right: 0px; margin-bottom: 32px; margin-left: 0px; padding: 0px; border: 0px; font-variant-numeric: inherit; font-variant-east-asian: inherit; font-stretch: inherit; font-size: 18px; line-height: inherit;\"><span style=\"margin: 0px; padding: 0px; border: 0px; font: inherit; vertical-align: baseline;\">Datenschutzerkl\u00e4rung f\u00fcr die Nutzung von YouTube<\/span><\/p><p style=\"margin-right: 0px; margin-bottom: 32px; margin-left: 0px; padding: 0px; border: 0px; font-variant-numeric: inherit; font-variant-east-asian: inherit; font-stretch: inherit; font-size: 18px; line-height: inherit;\">Auf unserer Webseite sind Funktionen des Dienstes YouTube implementiert. Diese Funktionen werden durch die YouTube, LLC, 901 Cherry Ave., San Bruno, CA 94066, USA angeboten. Die eingebundenen Videos legen bei dem Aufrufen der Webseite Cookies auf den Computern der User ab. Wer das Setzen von Cookies f\u00fcr das Google-Werbeprogramm deaktiviert hat, wird auch beim Aufrufen von YouTube-Videos mit keinen solchen Cookies rechnen m\u00fcssen. YouTube legt aber auch in anderen Cookies nicht-personenbezogene Nutzungsinformationen ab. M\u00f6chten Sie dies verhindern, m\u00fcssen Sie das im Browser blockieren.<\/p><p style=\"margin-right: 0px; margin-bottom: 32px; margin-left: 0px; padding: 0px; border: 0px; font-variant-numeric: inherit; font-variant-east-asian: inherit; font-stretch: inherit; font-size: 18px; line-height: inherit;\"><span style=\"margin: 0px; padding: 0px; border: 0px; font: inherit; vertical-align: baseline;\">Datenschutzerkl\u00e4rung f\u00fcr die Nutzung von Pinterest<\/span><\/p><p style=\"margin-right: 0px; margin-bottom: 32px; margin-left: 0px; padding: 0px; border: 0px; font-variant-numeric: inherit; font-variant-east-asian: inherit; font-stretch: inherit; font-size: 18px; line-height: inherit;\">Auf unserer Webseite verwenden wir Social Plugins des sozialen Netzwerks Pinterest, das von der Pinterest Inc., 635 High Street, Palo Alto, CA, 94301, USA (\u201ePinterest\u201c) betrieben wird. Wenn Sie eine Seite aufrufen die ein solches Plugin enth\u00e4lt, stellt Ihr Browser eine direkte Verbindung zu den Servern von Pinterest her. Das Plugin \u00fcbermittelt dabei Daten an den Server von Pinterest. Diese Daten enthalten m\u00f6glicherweise Ihre IP-Adresse, die Adresse der besuchten Websites, die ebenfalls Pinterest-Funktionen enthalten, Art und Einstellungen des Browsers, Datum und Zeitpunkt der Anfrage, Ihre Verwendungsweise von Pinterest sowie Cookies.<\/p><p style=\"margin-right: 0px; margin-bottom: 32px; margin-left: 0px; padding: 0px; border: 0px; font-variant-numeric: inherit; font-variant-east-asian: inherit; font-stretch: inherit; font-size: 18px; line-height: inherit;\">Weitere Informationen zu Zweck, Umfang und weiterer Verarbeitung und Nutzung der Daten durch Pinterest sowie Ihre diesbez\u00fcglichen Rechte und M\u00f6glichkeiten zum Schutz Ihrer Privatsph\u00e4re finden Sie in den Datenschutzrichtlinien von Pinterest:<\/p><p style=\"margin-right: 0px; margin-bottom: 32px; margin-left: 0px; padding: 0px; border: 0px; font-variant-numeric: inherit; font-variant-east-asian: inherit; font-stretch: inherit; font-size: 18px; line-height: inherit;\">https:\/\/about.pinterest.com\/de\/privacy-policy.<\/p><p style=\"margin-right: 0px; margin-bottom: 32px; margin-left: 0px; padding: 0px; border: 0px; font-variant-numeric: inherit; font-variant-east-asian: inherit; font-stretch: inherit; font-size: 18px; line-height: inherit;\"><span style=\"margin: 0px; padding: 0px; border: 0px; font: inherit; vertical-align: baseline;\">Datenschutzerkl\u00e4rung f\u00fcr die Nutzung von Instagram<\/span><\/p><p style=\"margin-right: 0px; margin-bottom: 32px; margin-left: 0px; padding: 0px; border: 0px; font-variant-numeric: inherit; font-variant-east-asian: inherit; font-stretch: inherit; font-size: 18px; line-height: inherit;\">Auf unserer Webseite sind Funktionen des Dienstes Instagram eingebunden. Diese Funktionen werden angeboten durch die Instagram Inc., 1601 Willow Road, Menlo Park, CA, 94025, USA integriert. Wenn Sie in Ihren Instagram-Account eingeloggt sind, k\u00f6nnen Sie durch Anklicken des Instagram-Buttons die Inhalte unserer Seiten mit Ihrem Instagram-Profil verlinken. Dadurch kann Instagram den Besuch unserer Seiten Ihrem Benutzerkonto zuordnen. Wir weisen darauf hin, dass wir als Anbieter der Seiten keine Kenntnis vom Inhalt der u\u0308bermittelten Daten sowie deren Nutzung durch Instagram erhalten.<br \/>Weitere Informationen hierzu finden Sie in der Datenschutzerkl\u00e4rung von Instagram auf\u00a0https:\/\/www.instagram.com\/about\/legal\/privacy\/.<\/p><p style=\"margin-right: 0px; margin-bottom: 32px; margin-left: 0px; padding: 0px; border: 0px; font-variant-numeric: inherit; font-variant-east-asian: inherit; font-stretch: inherit; font-size: 18px; line-height: inherit;\"><span style=\"margin: 0px; padding: 0px; border: 0px; font: inherit; vertical-align: baseline;\">Datenschutzerkl\u00e4rung f\u00fcr Google Adsense<\/span><\/p><p style=\"margin-right: 0px; margin-bottom: 32px; margin-left: 0px; padding: 0px; border: 0px; font-variant-numeric: inherit; font-variant-east-asian: inherit; font-stretch: inherit; font-size: 18px; line-height: inherit;\">Diese Website benutzt Google AdSense, einen Dienst zum Einbinden von Werbeanzeigen der Google Inc. (\u201eGoogle\u201c). Google AdSense verwendet sog. \u201eCookies\u201c, Textdateien, die auf Ihrem Computer gespeichert werden und die eine Analyse der Benutzung der Website erm\u00f6glicht. Google AdSense verwendet auch so genannte Web Beacons (unsichtbare Grafiken). Durch diese Web Beacons k\u00f6nnen Informationen wie der Besucherverkehr auf diesen Seiten ausgewertet werden.<\/p><p style=\"margin-right: 0px; margin-bottom: 32px; margin-left: 0px; padding: 0px; border: 0px; font-variant-numeric: inherit; font-variant-east-asian: inherit; font-stretch: inherit; font-size: 18px; line-height: inherit;\">Die durch Cookies und Web Beacons erzeugten Informationen \u00fcber die Benutzung dieser Website (einschlie\u00dflich Ihrer IP-Adresse) und Auslieferung von Werbeformaten werden an einen Server von Google in den USA \u00fcbertragen und dort gespeichert. Diese Informationen k\u00f6nnen von Google an Vertragspartner von Google weiter gegeben werden. Google wird Ihre IP-Adresse jedoch nicht mit anderen von Ihnen gespeicherten Daten zusammenf\u00fchren.<\/p><p style=\"margin-right: 0px; margin-bottom: 32px; margin-left: 0px; padding: 0px; border: 0px; font-variant-numeric: inherit; font-variant-east-asian: inherit; font-stretch: inherit; font-size: 18px; line-height: inherit;\">Sie k\u00f6nnen die Installation der Cookies durch eine entsprechende Einstellung Ihrer Browser Software verhindern; wir weisen Sie jedoch darauf hin, dass Sie in diesem Fall gegebenenfalls nicht s\u00e4mtliche Funktionen dieser Website voll umf\u00e4nglich nutzen k\u00f6nnen. Durch die Nutzung dieser Website erkl\u00e4ren Sie sich mit der Bearbeitung der \u00fcber Sie erhobenen Daten durch Google in der zuvor beschriebenen Art und Weise und zu dem zuvor benannten Zweck einverstanden. Weitere Informationen zur\u00a0Datennutzung durch Google bei Ihrer Nutzung\u00a0dieser Webseite erhalten Sie hier.<\/p><p style=\"margin-right: 0px; margin-bottom: 32px; margin-left: 0px; padding: 0px; border: 0px; font-variant-numeric: inherit; font-variant-east-asian: inherit; font-stretch: inherit; font-size: 18px; line-height: inherit;\"><span style=\"margin: 0px; padding: 0px; border: 0px; font: inherit; vertical-align: baseline;\">Auskunftsrecht<\/span><\/p><p style=\"margin-right: 0px; margin-bottom: 32px; margin-left: 0px; padding: 0px; border: 0px; font-variant-numeric: inherit; font-variant-east-asian: inherit; font-stretch: inherit; font-size: 18px; line-height: inherit;\">Sie haben jederzeit das Recht auf Auskunft \u00fcber die bez\u00fcglich Ihrer Person gespeicherten Daten, deren Herkunft und Empf\u00e4nger sowie den Zweck der Speicherung.<\/p><p style=\"margin-right: 0px; margin-bottom: 32px; margin-left: 0px; padding: 0px; border: 0px; font-variant-numeric: inherit; font-variant-east-asian: inherit; font-stretch: inherit; font-size: 18px; line-height: inherit;\"><span style=\"margin: 0px; padding: 0px; border: 0px; font: inherit; vertical-align: baseline;\">Bildernachweis<\/span><\/p><p style=\"margin-right: 0px; margin-bottom: 0px; margin-left: 0px; padding: 0px; border: 0px; font-variant-numeric: inherit; font-variant-east-asian: inherit; font-stretch: inherit; font-size: 18px; line-height: inherit;\">(C) ITELL.SOLUTIONS und der\/die jeweils zu nennende FotografIn.<\/p>\t\t\t\t\t\t\t\t<\/div>\n\t\t\t\t<\/div>\n\t\t\t\t\t<\/div>\n\t\t<\/div>\n\t\t\t\t\t<\/div>\n\t\t<\/section>\n\t\t\t\t<\/div>","protected":false},"excerpt":{"rendered":"<p>Impressum Informationspflicht laut \u00a75 E-Commerce Gesetz, \u00a714 Unternehmensgesetzbuch, \u00a763 Gewerbeordnung und Offenlegungspflicht laut \u00a725 Mediengesetz ITELL.SOLUTIONS\u00a0GmbH Neubaugasse 248020 Graz, \u00d6sterreich Unternehmensgegenstand Entwicklung von Software zur Optimierung der Kundenzufriedenheitin Dienstleistungsbetrieben; Vermarktung und Verkauf von Software und Hardware Gesch\u00e4ftsf\u00fchrende Gesellschafter Dominik H\u00fctter, BSc.DI David Prott Kontaktdaten Tel.:\u00a0+43 660 16 99 530E-Mail:\u00a0hello@itell.solutionsHomepage:\u00a0www.itell.solutions Firmenbuchnummer FN 491539 b UID ATU73317957 [&hellip;]<\/p>\n","protected":false},"author":4,"featured_media":0,"parent":0,"menu_order":0,"comment_status":"closed","ping_status":"closed","template":"elementor_header_footer","meta":{"footnotes":""},"class_list":["post-84","page","type-page","status-publish","hentry"],"_links":{"self":[{"href":"https:\/\/itell.solutions\/en\/wp-json\/wp\/v2\/pages\/84","targetHints":{"allow":["GET"]}}],"collection":[{"href":"https:\/\/itell.solutions\/en\/wp-json\/wp\/v2\/pages"}],"about":[{"href":"https:\/\/itell.solutions\/en\/wp-json\/wp\/v2\/types\/page"}],"author":[{"embeddable":true,"href":"https:\/\/itell.solutions\/en\/wp-json\/wp\/v2\/users\/4"}],"replies":[{"embeddable":true,"href":"https:\/\/itell.solutions\/en\/wp-json\/wp\/v2\/comments?post=84"}],"version-history":[{"count":30,"href":"https:\/\/itell.solutions\/en\/wp-json\/wp\/v2\/pages\/84\/revisions"}],"predecessor-version":[{"id":3810,"href":"https:\/\/itell.solutions\/en\/wp-json\/wp\/v2\/pages\/84\/revisions\/3810"}],"wp:attachment":[{"href":"https:\/\/itell.solutions\/en\/wp-json\/wp\/v2\/media?parent=84"}],"curies":[{"name":"wp","href":"https:\/\/api.w.org\/{rel}","templated":true}]}}