{"id":80,"date":"2020-07-14T09:17:32","date_gmt":"2020-07-14T07:17:32","guid":{"rendered":"https:\/\/test.itell.solutions\/?page_id=80"},"modified":"2025-01-07T12:57:10","modified_gmt":"2025-01-07T11:57:10","slug":"datenschutz","status":"publish","type":"page","link":"https:\/\/itell.solutions\/en\/datenschutz\/","title":{"rendered":"Data protection"},"content":{"rendered":"<div data-elementor-type=\"wp-page\" data-elementor-id=\"80\" class=\"elementor elementor-80\" data-elementor-post-type=\"page\">\n\t\t\t\t\t\t<section class=\"elementor-section elementor-top-section elementor-element elementor-element-1c726fd elementor-section-boxed elementor-section-height-default elementor-section-height-default\" data-id=\"1c726fd\" data-element_type=\"section\">\n\t\t\t\t\t\t<div class=\"elementor-container elementor-column-gap-default\">\n\t\t\t\t\t<div class=\"elementor-column elementor-col-100 elementor-top-column elementor-element elementor-element-a20c39d\" data-id=\"a20c39d\" data-element_type=\"column\">\n\t\t\t<div class=\"elementor-widget-wrap elementor-element-populated\">\n\t\t\t\t\t\t<div class=\"elementor-element elementor-element-543a3fd elementor-widget elementor-widget-text-editor\" data-id=\"543a3fd\" data-element_type=\"widget\" data-widget_type=\"text-editor.default\">\n\t\t\t\t<div class=\"elementor-widget-container\">\n\t\t\t\t\t\t\t\t\t<header style=\"box-sizing: inherit; margin: 0px; color: #444444; font-family: 'Open Sans', sans-serif; font-size: 15px;\">\n<h3 style=\"box-sizing: inherit; margin: 0px 0px 10px; font-weight: 300; line-height: 1.2; font-family: 'Roboto Condensed', sans-serif; font-size: 30px; letter-spacing: 1px;\"><a style=\"box-sizing: inherit; background-color: transparent; color: #333333; text-decoration: none;\" href=\"https:\/\/tellers.co.at\/datenschutz-website\/\" rel=\"bookmark noopener\" target=\"_blank\">Datenschutzerkl\u00e4rung Website<\/a><\/h3>\n<h3 style=\"box-sizing: inherit; margin: 0px 0px 15px; font-weight: 400; line-height: 1.2; font-family: 'Roboto Condensed', sans-serif; font-size: 24px;\">Datenschutzerkl\u00e4rung Webseite<\/h3>\n<h4 style=\"box-sizing: inherit; margin: 0px 0px 10px; font-weight: 400; line-height: 1.2; font-family: 'Roboto Condensed', sans-serif; font-size: 22px;\">\u00a7 1 Allgemeines<\/h4>\n<header style=\"box-sizing: inherit; margin: 0px; font-family: 'Open Sans', sans-serif; font-size: 15px; letter-spacing: normal;\"><\/header>\n<div style=\"box-sizing: inherit; font-size: 13px; color: #666666; font-style: italic; margin-bottom: 15px; font-family: 'Open Sans', sans-serif; letter-spacing: normal;\">&nbsp;<\/div>\n<div style=\"box-sizing: inherit; font-family: 'Open Sans', sans-serif; font-size: 15px; letter-spacing: normal;\">\n<p style=\"box-sizing: inherit; margin-right: 0px; margin-bottom: 15px; margin-left: 0px;\">Die Webseiten der ITELL.SOLUTIONS GmbH, erreichbar unter der Domain \u201eitell.solutions\u201c, werden von der ITELL.SOLUTIONS GmbH Herrengasse 3, 8010 Graz, \u00d6sterreich, als Diensteanbieter (im Folgenden TeLLers) betrieben. Medieninhaber und Herausgeber der Website www.itell.solutions ist die ITELL.SOLUTIONS GmbH.<br style=\"box-sizing: inherit;\">Der Schutz und die Sicherheit Ihrer pers\u00f6nlichen Daten ist uns ein wichtiges Anliegen. ITELL.SOLUTIONS GmbH speichert und verarbeitet Daten daher ausschlie\u00dflich im Sinne des \u00f6sterreichischen Datenschutzgesetzes 2000 bzw. im Sinne der Datenschutzgrundverordnung (Verordnung (EU) 2016\/679). Sie als Nutzer stimmen der Datenverarbeitung im Sinne dieser Erkl\u00e4rung zu.<br style=\"box-sizing: inherit;\">Unter&nbsp;<span style=\"color: inherit;\">www.itell.solutions<\/span><span style=\"color: inherit;\">&nbsp;werden automatisiert keine direkt personenbezogenen Daten ermittelt. Das hei\u00dft: Nur durch Ihre aktive Eingabe von (beispielsweise) Namen, Adresse, E-Mail-Adresse etc. geben Sie ITELL.SOLUTIONS GmbH diese Daten bekannt.<\/span><\/p>\n<\/div>\n<h4 style=\"box-sizing: inherit; margin: 0px 0px 10px; font-family: 'Roboto Condensed', sans-serif; font-size: 22px;\">\u00a7 2 Gespeicherte Daten<\/h4>\n<div style=\"box-sizing: inherit; font-family: 'Open Sans', sans-serif; font-size: 15px; letter-spacing: normal;\">\n<p style=\"box-sizing: inherit; margin-right: 0px; margin-bottom: 15px; margin-left: 0px;\">Die ITELL.SOLUTIONS GmbH speichert und verarbeitet folgende personenbezogene Daten, wenn Sie unsere Website besuchen:<br style=\"box-sizing: inherit;\">Serverlogs: Die IP-Adresse des Anfragenden Computers, gemeinsam mit dem Datum, der Uhrzeit, der Anfrage, welche Datei angefragt wird (Name und URL), welche Datenmenge an Sie \u00fcbertragen wird, eine Meldung, ob die Anfrage erfolgreich war, Erkennungsdaten des verwendeten Browsers und des verwendeten Betriebssystems, sowie die Website, von der der Zugriff erfolgte (sollte der Zugriff \u00fcber einen Link erfolgen). Die Serverlogs werden gespeichert, um die Systemsicherheit pr\u00fcfen zu k\u00f6nnen, die Website technisch administrieren, sowie das Angebot optimieren zu k\u00f6nnen. Diese Daten werden \u2013 sollte es einen Hackangriff gegeben haben \u2013 an die Strafverfolgungsbeh\u00f6rden weitergeben. Eine dar\u00fcberhinausgehende Weitergabe an Dritte erfolgt nicht. Die Serverlogs werden f\u00fcr maximal drei Monate gespeichert.<br style=\"box-sizing: inherit;\">Cookies: Cookies sind kleine Textdateien, die&nbsp;<span style=\"color: inherit;\">www.itell.solutions<\/span><span style=\"color: inherit;\">&nbsp;auf Ihrem Computer speichert, um diesen wiederzuerkennen. Die in den Cookies enthaltenen Informationen werden verwendet, um festzustellen, welche Daten sie bereits eingegeben haben, Informationen \u00fcber die Nutzung der Gratis-Tests und Richtlinien. Bei den meisten Web-Browsern werden Cookies automatisch akzeptiert. Durch \u00c4nderung der Einstellungen Ihres Browsers k\u00f6nnen Sie dies vermeiden. Sie k\u00f6nnen auf Ihrem PC gespeicherte Cookies jederzeit durch L\u00f6schen der tempor\u00e4ren Internetdateien entfernen.<\/span><\/p>\n<p style=\"box-sizing: inherit; margin-right: 0px; margin-bottom: 15px; margin-left: 0px;\">Hubspot: ITELL.SOLUTIONS GmbH nutzt Hubspot als CRM Tool und zur Verwaltung der Newsletter Listen. Daten aus unterschiedlichen Formularen auf der Website werden in Hubspot gespeichert und verarbeitet.Weitere Informationen zu Cookies finden Sie unter https:\/\/knowledge.hubspot.com\/de\/articles\/kcs_article\/reports\/what-cookies-does-hubspot-set-in-a-visitor-s-browser<br style=\"box-sizing: inherit;\">Hubspot nutzt folgende Cookies: __hstc (Speicherdauer: 2 Jahre), __hssc (Speicherdauer: 30 min)<br style=\"box-sizing: inherit;\">ITELL.SOLUTIONS GmbH speichert und verwendet dar\u00fcber hinaus automatisiert keine Daten.<\/p><p style=\"box-sizing: inherit; margin-right: 0px; margin-bottom: 15px; margin-left: 0px;\"><span style=\"color: rgb(60, 67, 74); font-family: Consolas, Monaco, monospace; font-size: 13px; background-color: rgba(0, 0, 0, 0.07);\"><p id=\"matomo_opted_out_intro\" style=\"display:none;\">Opt-out complete; your visits to this website will not be recorded by the Web Analytics tool. Note that if you clear your cookies, delete the opt-out cookie, or if you change computers or Web browsers, you will need to perform the opt-out procedure again.<\/p><p id=\"matomo_opted_in_intro\" >You may choose to prevent this website from aggregating and analyzing the actions you take here. Doing so will protect your privacy, but will also prevent the owner from learning from your actions and creating a better experience for you and other users.<\/p><form action=\"\">\n        <input type=\"checkbox\" id=\"matomo_optout_checkbox\" checked=\"checked\"\/>\n        <label for=\"matomo_optout_checkbox\"><strong>\n        <span id=\"matomo_opted_in_label\" >You are not opted out. Uncheck this box to opt-out.<\/span>\n\t\t<span id=\"matomo_opted_out_label\" style=\"display:none;\">You are currently opted out. Check this box to opt-in.<\/span>\n        <\/strong><\/label><input type=\"hidden\" name=\"trp-form-language\" value=\"en\"\/><\/form><noscript><p><strong style=\"color: #ff0000;\">This opt out feature requires JavaScript.<\/strong><\/p><\/noscript><p id=\"matomo_outout_err_cookies\" style=\"display: none;\"><strong>The tracking opt-out feature requires cookies to be enabled.<\/strong><\/p><\/span><\/p>\n<\/div>\n<h4 style=\"box-sizing: inherit; margin: 0px 0px 10px; font-family: 'Roboto Condensed', sans-serif; font-size: 22px;\">\u00a7 3 \u00dcber die Website eingegebenen Daten<\/h4>\n<div style=\"box-sizing: inherit; font-family: 'Open Sans', sans-serif; font-size: 15px; letter-spacing: normal;\">\n<p style=\"box-sizing: inherit; margin-right: 0px; margin-bottom: 15px; margin-left: 0px;\">Sollten Sie im Rahmen der Website Daten eingeben, verarbeiten wir Ihre Daten wie folgt:<br style=\"box-sizing: inherit;\">Spezielle Formulare: Formulare, wie z.B. zum Vereinbaren eines Termins oder dem Zusenden einer Demo-Version werden an unser Team \u00fcbermittelt und in unserer Software elektronisch gespeichert. Es werden nur die Daten \u00fcbermittelt und gespeichert, welche Sie selbst bekannt geben.<\/p>\n<\/div>\n<h4 style=\"box-sizing: inherit; margin: 0px 0px 10px; font-family: 'Roboto Condensed', sans-serif; font-size: 22px;\">\u00a7 4 Widerspruchsrecht<\/h4>\n<div style=\"box-sizing: inherit; font-family: 'Open Sans', sans-serif; font-size: 15px; letter-spacing: normal;\">\n<p style=\"box-sizing: inherit; margin-right: 0px; margin-bottom: 15px; margin-left: 0px;\">Jeder Nutzer von www.itell.solutions hat das Recht, die Speicherung seiner personenbezogenen Daten zu verweigern, der Nutzer und seine Daten werden in diesem Fall gel\u00f6scht, sofern keine gesetzliche Verpflichtung zur Speicherung der Daten besteht.<\/p>\n<p style=\"box-sizing: inherit; margin-right: 0px; margin-bottom: 15px; margin-left: 0px;\">\n<\/p><\/div>\n<h4 style=\"box-sizing: inherit; margin: 0px 0px 10px; font-family: 'Roboto Condensed', sans-serif; font-size: 22px;\">\u00a7 5 Datenverwendung<\/h4>\n<div style=\"box-sizing: inherit; font-family: 'Open Sans', sans-serif; font-size: 15px; letter-spacing: normal;\">\n<p style=\"box-sizing: inherit; margin-right: 0px; margin-bottom: 15px; margin-left: 0px;\"><span style=\"color: inherit;\">www.itell.solutions&nbsp;<\/span>verpflichtet sich zur Absicherung der Daten gegen unberechtigten Zugriff gem\u00e4\u00df dem Datenschutzgesetz 2000 (DSG) bzw. im Sinne der Datenschutzgrundverordnung (Verordnung (EU) 2016\/679). Die ITELL.SOLUTIONS GmbH speichert und nutzt die vom Nutzer eingegeben und \u00fcbermittelten Daten ausschlie\u00dflich im hier genannten Umfang. Mit L\u00f6schung des Nutzers werden s\u00e4mtliche personenbezogenen Daten des Nutzers gel\u00f6scht.<\/p>\n<\/div>\n<h3 style=\"box-sizing: inherit; margin: 0px 0px 10px; line-height: 1.2; font-family: 'Roboto Condensed', sans-serif; font-size: 30px; letter-spacing: 1px;\"><a style=\"box-sizing: inherit; color: #333333;\" href=\"https:\/\/tellers.co.at\/datenschutzerklaerung-webapp\/\" rel=\"bookmark noopener\" target=\"_blank\">Datenschutzerkl\u00e4rung Webapp<\/a>&nbsp;TeLLers<\/h3>\n<\/header>\n<div style=\"box-sizing: inherit; font-size: 13px; color: #666666; font-style: italic; margin-bottom: 15px; font-family: 'Open Sans', sans-serif;\">&nbsp;<\/div>\n<div style=\"box-sizing: inherit; color: #444444; font-family: 'Open Sans', sans-serif; font-size: 15px;\">\n<h3 style=\"box-sizing: inherit; margin: 0px 0px 15px; line-height: 1.2; font-family: 'Roboto Condensed', sans-serif; font-size: 24px;\">Datenschutzerkl\u00e4rung Webapp<\/h3>\n<h4 style=\"box-sizing: inherit; margin: 0px 0px 10px; font-family: 'Roboto Condensed', sans-serif; font-size: 22px;\">Merkblatt zum Datenschutz<\/h4>\n<p style=\"box-sizing: inherit; margin-right: 0px; margin-bottom: 15px; margin-left: 0px;\">Der ITELL.SOLUTIONS GmbH ist Datenschutz ein wichtiges Anliegen. Wir verarbeiten daher die Daten nur wie folgt:<\/p>\n<h4 style=\"box-sizing: inherit; margin: 0px 0px 10px; font-family: 'Roboto Condensed', sans-serif; font-size: 22px;\">Welche Daten verarbeitet die ITELL.SOLUTIONS GmbH?<\/h4>\n<p style=\"box-sizing: inherit; margin-right: 0px; margin-bottom: 15px; margin-left: 0px;\">Wir verarbeiten ausschlie\u00dflich jene Daten, die uns unsere Kunden und die Feedbackgeber bekanntgeben. Dies beinhaltet im Wesentlichen:<br style=\"box-sizing: inherit;\">Daten \u00fcber das Unternehmen:<br style=\"box-sizing: inherit;\">Name, Adresse, Telefonnummer, Fotos als Hintergrundbild bei Frageb\u00f6gen und Logos<\/p>\n<h4 style=\"box-sizing: inherit; margin: 0px 0px 10px; font-family: 'Roboto Condensed', sans-serif; font-size: 22px;\">Daten \u00fcber den Feedbackgeber:<\/h4>\n<p style=\"box-sizing: inherit; margin-right: 0px; margin-bottom: 15px; margin-left: 0px;\">Wir verarbeiten nur jene personbezogene Daten, welche der Feedbackgeber auf der Kontaktseite angibt und seine Einwilligung zur Sammlung und zur Verarbeitung abgibt. Diese personenbezogenen Daten sind vom Kunden, welcher diesen Fragebogen erstellt hat, einsehbar, damit dieser Kontakt mit dem Feedbackgeber aufnehmen kann.<\/p>\n<h4 style=\"box-sizing: inherit; margin: 0px 0px 10px; font-family: 'Roboto Condensed', sans-serif; font-size: 22px;\">Zu welchem Zweck werden die Daten verarbeitet?<\/h4>\n<p style=\"box-sizing: inherit; margin-right: 0px; margin-bottom: 15px; margin-left: 0px;\">Die ITELL.SOLUTIONS GmbH verarbeitet die Daten ausschlie\u00dflich, um das vertraglich vereinbarte Service ihren Kunden bereitzustellen. Eine Verarbeitung von personenbezogenen Daten \u00fcber den vertraglichen Zweck hinaus findet nicht statt.<\/p>\n<h4 style=\"box-sizing: inherit; margin: 0px 0px 10px; font-family: 'Roboto Condensed', sans-serif; font-size: 22px;\">An wen werden die Daten weitergegeben?<\/h4>\n<p style=\"box-sizing: inherit; margin-right: 0px; margin-bottom: 15px; margin-left: 0px;\">Die ITELL.SOLUTIONS GmbH ben\u00f6tigt zur Erbringung ihrer Dienstleistung einige Partner. Diese Partner verarbeiten die Daten ausschlie\u00dflich als Auftragsverarbeiter und verarbeiten die Daten ausschlie\u00dflich zu dem Zweck, dass die ITELL.SOLUTIONS GmbH ihre vertraglich vereinbarte Leistung erbringen kann.<\/p>\n<h4 style=\"box-sizing: inherit; margin: 0px 0px 10px; font-family: 'Roboto Condensed', sans-serif; font-size: 22px;\">Konkret bedient sich die ITELL.SOLUTIONS solutions GmbH folgender Subauftragsverarbeiter:<\/h4>\n<p style=\"box-sizing: inherit; margin-right: 0px; margin-bottom: 15px; margin-left: 0px;\">WORLD4YOU Internet Services GmbH<br style=\"box-sizing: inherit;\">Hafenstrasse 47-51<br style=\"box-sizing: inherit;\">A-4020 Linz, Austria\/Europe<\/p>\n<h4 style=\"box-sizing: inherit; margin: 0px 0px 10px; font-family: 'Roboto Condensed', sans-serif; font-size: 22px;\">Wie lange werden die Daten gespeichert?<\/h4>\n<p style=\"box-sizing: inherit; margin-right: 0px; margin-bottom: 15px; margin-left: 0px;\">Die ITELL.SOLUTIONS GmbH speichert personenbezogene Daten solange, als dies zur Erf\u00fcllung des Vertragszwecks notwendig ist. Kundenkonten bleiben solange bestehen, bis der Kunde eine L\u00f6schung des Kontos w\u00fcnscht.<\/p>\n<h4 style=\"box-sizing: inherit; margin: 0px 0px 10px; font-family: 'Roboto Condensed', sans-serif; font-size: 22px;\">Daten des von Feedbackgebern:<\/h4>\n<p style=\"box-sizing: inherit; margin-right: 0px; margin-bottom: 15px; margin-left: 0px;\">Die Feedbackdaten k\u00f6nnen nach einer einstellbaren Zeitspanne gel\u00f6scht oder anonymisiert werden. Beim anonymisieren werden Vorname, Nachname, E-Mail-Adresse \u00fcberschrieben.<\/p>\n<h4 style=\"box-sizing: inherit; margin: 0px 0px 10px; font-family: 'Roboto Condensed', sans-serif; font-size: 22px;\">Kontaktdateninformationen des Feedbackgebers:<\/h4>\n<p style=\"box-sizing: inherit; margin-right: 0px; margin-bottom: 15px; margin-left: 0px;\">Die Frage nach den Kontaktdaten eines Feedbackgebers kann entweder ausgelassen werden oder vollst\u00e4ndig deaktiviert werden.<\/p>\n<p style=\"box-sizing: inherit; margin-right: 0px; margin-bottom: 15px; margin-left: 0px;\">Dar\u00fcber hinaus speichert die ITELL.SOLUTIONS GmbH keine weiteren Daten.<\/p>\n<\/div>\t\t\t\t\t\t\t\t<\/div>\n\t\t\t\t<\/div>\n\t\t\t\t\t<\/div>\n\t\t<\/div>\n\t\t\t\t\t<\/div>\n\t\t<\/section>\n\t\t\t\t<\/div>","protected":false},"excerpt":{"rendered":"<p>Datenschutzerkl\u00e4rung Website Datenschutzerkl\u00e4rung Webseite \u00a7 1 Allgemeines &nbsp; Die Webseiten der ITELL.SOLUTIONS GmbH, erreichbar unter der Domain \u201eitell.solutions\u201c, werden von der ITELL.SOLUTIONS GmbH Herrengasse 3, 8010 Graz, \u00d6sterreich, als Diensteanbieter (im Folgenden TeLLers) betrieben. Medieninhaber und Herausgeber der Website www.itell.solutions ist die ITELL.SOLUTIONS GmbH.Der Schutz und die Sicherheit Ihrer pers\u00f6nlichen Daten ist uns ein wichtiges [&hellip;]<\/p>\n","protected":false},"author":4,"featured_media":0,"parent":0,"menu_order":0,"comment_status":"closed","ping_status":"closed","template":"elementor_header_footer","meta":{"footnotes":""},"class_list":["post-80","page","type-page","status-publish","hentry"],"_links":{"self":[{"href":"https:\/\/itell.solutions\/en\/wp-json\/wp\/v2\/pages\/80","targetHints":{"allow":["GET"]}}],"collection":[{"href":"https:\/\/itell.solutions\/en\/wp-json\/wp\/v2\/pages"}],"about":[{"href":"https:\/\/itell.solutions\/en\/wp-json\/wp\/v2\/types\/page"}],"author":[{"embeddable":true,"href":"https:\/\/itell.solutions\/en\/wp-json\/wp\/v2\/users\/4"}],"replies":[{"embeddable":true,"href":"https:\/\/itell.solutions\/en\/wp-json\/wp\/v2\/comments?post=80"}],"version-history":[{"count":12,"href":"https:\/\/itell.solutions\/en\/wp-json\/wp\/v2\/pages\/80\/revisions"}],"predecessor-version":[{"id":3701,"href":"https:\/\/itell.solutions\/en\/wp-json\/wp\/v2\/pages\/80\/revisions\/3701"}],"wp:attachment":[{"href":"https:\/\/itell.solutions\/en\/wp-json\/wp\/v2\/media?parent=80"}],"curies":[{"name":"wp","href":"https:\/\/api.w.org\/{rel}","templated":true}]}}