{"id":3228,"date":"2022-10-11T13:47:47","date_gmt":"2022-10-11T11:47:47","guid":{"rendered":"https:\/\/itell.solutions\/?page_id=3228"},"modified":"2022-10-11T15:21:59","modified_gmt":"2022-10-11T13:21:59","slug":"unsere_faehigkeiten","status":"publish","type":"page","link":"https:\/\/itell.solutions\/en\/unsere_faehigkeiten\/","title":{"rendered":"Unsere F\u00e4higkeiten"},"content":{"rendered":"<div data-elementor-type=\"wp-page\" data-elementor-id=\"3228\" class=\"elementor elementor-3228\" data-elementor-post-type=\"page\">\n\t\t\t\t\t\t<section class=\"elementor-section elementor-top-section elementor-element elementor-element-6cc075d elementor-section-full_width elementor-section-height-min-height elementor-section-height-default elementor-section-items-middle\" data-id=\"6cc075d\" data-element_type=\"section\">\n\t\t\t\t\t\t<div class=\"elementor-container elementor-column-gap-default\">\n\t\t\t\t\t<div class=\"elementor-column elementor-col-100 elementor-top-column elementor-element elementor-element-bf76e71\" data-id=\"bf76e71\" data-element_type=\"column\">\n\t\t\t<div class=\"elementor-widget-wrap elementor-element-populated\">\n\t\t\t\t\t\t<div class=\"elementor-element elementor-element-739b0f4 elementor-widget elementor-widget-heading\" data-id=\"739b0f4\" data-element_type=\"widget\" data-widget_type=\"heading.default\">\n\t\t\t\t<div class=\"elementor-widget-container\">\n\t\t\t\t\t<h1 class=\"elementor-heading-title elementor-size-default\">Unsere F\u00e4higkeiten <span style=\"color: #FF9052\">\/&gt;<\/span><\/h1>\t\t\t\t<\/div>\n\t\t\t\t<\/div>\n\t\t\t\t\t<\/div>\n\t\t<\/div>\n\t\t\t\t\t<\/div>\n\t\t<\/section>\n\t\t\t\t<section class=\"elementor-section elementor-top-section elementor-element elementor-element-61415ed elementor-section-boxed elementor-section-height-default elementor-section-height-default\" data-id=\"61415ed\" data-element_type=\"section\" data-settings=\"{&quot;background_background&quot;:&quot;classic&quot;}\">\n\t\t\t\t\t\t<div class=\"elementor-container elementor-column-gap-default\">\n\t\t\t\t\t<div class=\"elementor-column elementor-col-100 elementor-top-column elementor-element elementor-element-ca1588f\" data-id=\"ca1588f\" data-element_type=\"column\">\n\t\t\t<div class=\"elementor-widget-wrap elementor-element-populated\">\n\t\t\t\t\t\t<div class=\"elementor-element elementor-element-ff69aca elementor-widget elementor-widget-heading\" data-id=\"ff69aca\" data-element_type=\"widget\" data-widget_type=\"heading.default\">\n\t\t\t\t<div class=\"elementor-widget-container\">\n\t\t\t\t\t<h2 class=\"elementor-heading-title elementor-size-default\">Skill Matrix und Technologie Stack \/&gt;<\/h2>\t\t\t\t<\/div>\n\t\t\t\t<\/div>\n\t\t\t\t<div class=\"elementor-element elementor-element-94c1734 elementor-widget elementor-widget-text-editor\" data-id=\"94c1734\" data-element_type=\"widget\" data-widget_type=\"text-editor.default\">\n\t\t\t\t<div class=\"elementor-widget-container\">\n\t\t\t\t\t\t\t\t\t<p><span style=\"color: var( --e-global-color-text ); font-size: 1rem; font-weight: var( --e-global-typography-text-font-weight );\">F\u00fcr die Umsetzung Ihrer Projektidee setzen wir die angef\u00fchrten F\u00e4higkeiten ein und verwenden dazu Technologien, die sowohl modern als auch bew\u00e4hrt sind. Dadurch halten wir neben den Aufw\u00e4nden auch die technischen Risiken gering, damit auch Ihr Projekt zum Erfolgt wird.<\/span><\/p>\t\t\t\t\t\t\t\t<\/div>\n\t\t\t\t<\/div>\n\t\t\t\t\t<\/div>\n\t\t<\/div>\n\t\t\t\t\t<\/div>\n\t\t<\/section>\n\t\t\t\t<section class=\"elementor-section elementor-top-section elementor-element elementor-element-5e3e727 elementor-section-boxed elementor-section-height-default elementor-section-height-default\" data-id=\"5e3e727\" data-element_type=\"section\">\n\t\t\t\t\t\t<div class=\"elementor-container elementor-column-gap-default\">\n\t\t\t\t\t<div class=\"elementor-column elementor-col-50 elementor-top-column elementor-element elementor-element-9a754d4\" data-id=\"9a754d4\" data-element_type=\"column\">\n\t\t\t<div class=\"elementor-widget-wrap elementor-element-populated\">\n\t\t\t\t\t\t<div class=\"elementor-element elementor-element-09c8e82 elementor-widget elementor-widget-image\" data-id=\"09c8e82\" data-element_type=\"widget\" data-widget_type=\"image.default\">\n\t\t\t\t<div class=\"elementor-widget-container\">\n\t\t\t\t\t\t\t\t\t\t\t\t\t\t\t\t<a href=\"https:\/\/itell.solutions\/wp-content\/uploads\/2022\/10\/skills_1.jpg\" data-elementor-open-lightbox=\"yes\" data-elementor-lightbox-title=\"skills_1\" data-e-action-hash=\"#elementor-action%3Aaction%3Dlightbox%26settings%3DeyJpZCI6MzI2MiwidXJsIjoiaHR0cHM6XC9cL2l0ZWxsLnNvbHV0aW9uc1wvd3AtY29udGVudFwvdXBsb2Fkc1wvMjAyMlwvMTBcL3NraWxsc18xLmpwZyJ9\">\n\t\t\t\t\t\t\t<img fetchpriority=\"high\" decoding=\"async\" width=\"724\" height=\"1024\" src=\"https:\/\/itell.solutions\/wp-content\/uploads\/2022\/10\/skills_1-724x1024.jpg\" class=\"attachment-large size-large wp-image-3262\" alt=\"\" srcset=\"https:\/\/itell.solutions\/wp-content\/uploads\/2022\/10\/skills_1-724x1024.jpg 724w, https:\/\/itell.solutions\/wp-content\/uploads\/2022\/10\/skills_1-212x300.jpg 212w, https:\/\/itell.solutions\/wp-content\/uploads\/2022\/10\/skills_1-768x1086.jpg 768w, https:\/\/itell.solutions\/wp-content\/uploads\/2022\/10\/skills_1-1086x1536.jpg 1086w, https:\/\/itell.solutions\/wp-content\/uploads\/2022\/10\/skills_1-8x12.jpg 8w, https:\/\/itell.solutions\/wp-content\/uploads\/2022\/10\/skills_1.jpg 1414w\" sizes=\"(max-width: 724px) 100vw, 724px\" \/>\t\t\t\t\t\t\t\t<\/a>\n\t\t\t\t\t\t\t\t\t\t\t\t\t\t\t<\/div>\n\t\t\t\t<\/div>\n\t\t\t\t\t<\/div>\n\t\t<\/div>\n\t\t\t\t<div class=\"elementor-column elementor-col-50 elementor-top-column elementor-element elementor-element-b4f4e4e\" data-id=\"b4f4e4e\" data-element_type=\"column\">\n\t\t\t<div class=\"elementor-widget-wrap elementor-element-populated\">\n\t\t\t\t\t\t<div class=\"elementor-element elementor-element-8d447db elementor-widget elementor-widget-image\" data-id=\"8d447db\" data-element_type=\"widget\" data-widget_type=\"image.default\">\n\t\t\t\t<div class=\"elementor-widget-container\">\n\t\t\t\t\t\t\t\t\t\t\t\t\t\t\t\t<a href=\"https:\/\/itell.solutions\/wp-content\/uploads\/2022\/10\/skills_2.jpg\" data-elementor-open-lightbox=\"yes\" data-elementor-lightbox-title=\"skills_2\" data-e-action-hash=\"#elementor-action%3Aaction%3Dlightbox%26settings%3DeyJpZCI6MzI2MywidXJsIjoiaHR0cHM6XC9cL2l0ZWxsLnNvbHV0aW9uc1wvd3AtY29udGVudFwvdXBsb2Fkc1wvMjAyMlwvMTBcL3NraWxsc18yLmpwZyJ9\">\n\t\t\t\t\t\t\t<img decoding=\"async\" width=\"724\" height=\"1024\" src=\"https:\/\/itell.solutions\/wp-content\/uploads\/2022\/10\/skills_2-724x1024.jpg\" class=\"attachment-large size-large wp-image-3263\" alt=\"\" srcset=\"https:\/\/itell.solutions\/wp-content\/uploads\/2022\/10\/skills_2-724x1024.jpg 724w, https:\/\/itell.solutions\/wp-content\/uploads\/2022\/10\/skills_2-212x300.jpg 212w, https:\/\/itell.solutions\/wp-content\/uploads\/2022\/10\/skills_2-768x1086.jpg 768w, https:\/\/itell.solutions\/wp-content\/uploads\/2022\/10\/skills_2-1086x1536.jpg 1086w, https:\/\/itell.solutions\/wp-content\/uploads\/2022\/10\/skills_2-8x12.jpg 8w, https:\/\/itell.solutions\/wp-content\/uploads\/2022\/10\/skills_2.jpg 1414w\" sizes=\"(max-width: 724px) 100vw, 724px\" \/>\t\t\t\t\t\t\t\t<\/a>\n\t\t\t\t\t\t\t\t\t\t\t\t\t\t\t<\/div>\n\t\t\t\t<\/div>\n\t\t\t\t\t<\/div>\n\t\t<\/div>\n\t\t\t\t\t<\/div>\n\t\t<\/section>\n\t\t\t\t<section class=\"elementor-section elementor-top-section elementor-element elementor-element-e0c0713 elementor-section-boxed elementor-section-height-default elementor-section-height-default\" data-id=\"e0c0713\" data-element_type=\"section\">\n\t\t\t\t\t\t<div class=\"elementor-container elementor-column-gap-default\">\n\t\t\t\t\t<div class=\"elementor-column elementor-col-50 elementor-top-column elementor-element elementor-element-c5f3b5e\" data-id=\"c5f3b5e\" data-element_type=\"column\">\n\t\t\t<div class=\"elementor-widget-wrap elementor-element-populated\">\n\t\t\t\t\t\t<div class=\"elementor-element elementor-element-a7a8863 elementor-widget elementor-widget-image\" data-id=\"a7a8863\" data-element_type=\"widget\" data-widget_type=\"image.default\">\n\t\t\t\t<div class=\"elementor-widget-container\">\n\t\t\t\t\t\t\t\t\t\t\t\t\t\t\t\t<a href=\"https:\/\/itell.solutions\/wp-content\/uploads\/2022\/10\/skills_3.jpg\" data-elementor-open-lightbox=\"yes\" data-elementor-lightbox-title=\"skills_3\" data-e-action-hash=\"#elementor-action%3Aaction%3Dlightbox%26settings%3DeyJpZCI6MzI2NCwidXJsIjoiaHR0cHM6XC9cL2l0ZWxsLnNvbHV0aW9uc1wvd3AtY29udGVudFwvdXBsb2Fkc1wvMjAyMlwvMTBcL3NraWxsc18zLmpwZyJ9\">\n\t\t\t\t\t\t\t<img decoding=\"async\" width=\"724\" height=\"1024\" src=\"https:\/\/itell.solutions\/wp-content\/uploads\/2022\/10\/skills_3-724x1024.jpg\" class=\"attachment-large size-large wp-image-3264\" alt=\"\" srcset=\"https:\/\/itell.solutions\/wp-content\/uploads\/2022\/10\/skills_3-724x1024.jpg 724w, https:\/\/itell.solutions\/wp-content\/uploads\/2022\/10\/skills_3-212x300.jpg 212w, https:\/\/itell.solutions\/wp-content\/uploads\/2022\/10\/skills_3-768x1086.jpg 768w, https:\/\/itell.solutions\/wp-content\/uploads\/2022\/10\/skills_3-1086x1536.jpg 1086w, https:\/\/itell.solutions\/wp-content\/uploads\/2022\/10\/skills_3-8x12.jpg 8w, https:\/\/itell.solutions\/wp-content\/uploads\/2022\/10\/skills_3.jpg 1414w\" sizes=\"(max-width: 724px) 100vw, 724px\" \/>\t\t\t\t\t\t\t\t<\/a>\n\t\t\t\t\t\t\t\t\t\t\t\t\t\t\t<\/div>\n\t\t\t\t<\/div>\n\t\t\t\t\t<\/div>\n\t\t<\/div>\n\t\t\t\t<div class=\"elementor-column elementor-col-50 elementor-top-column elementor-element elementor-element-c9a8f48\" data-id=\"c9a8f48\" data-element_type=\"column\">\n\t\t\t<div class=\"elementor-widget-wrap\">\n\t\t\t\t\t\t\t<\/div>\n\t\t<\/div>\n\t\t\t\t\t<\/div>\n\t\t<\/section>\n\t\t\t\t<section class=\"elementor-section elementor-top-section elementor-element elementor-element-528c9ef elementor-section-boxed elementor-section-height-default elementor-section-height-default\" data-id=\"528c9ef\" data-element_type=\"section\">\n\t\t\t\t\t\t<div class=\"elementor-container elementor-column-gap-default\">\n\t\t\t\t\t<div class=\"elementor-column elementor-col-100 elementor-top-column elementor-element elementor-element-1255b86\" data-id=\"1255b86\" data-element_type=\"column\">\n\t\t\t<div class=\"elementor-widget-wrap elementor-element-populated\">\n\t\t\t\t\t\t<div class=\"elementor-element elementor-element-55cf582 elementor-widget elementor-widget-button\" data-id=\"55cf582\" data-element_type=\"widget\" data-widget_type=\"button.default\">\n\t\t\t\t<div class=\"elementor-widget-container\">\n\t\t\t\t\t\t\t\t\t<div class=\"elementor-button-wrapper\">\n\t\t\t\t\t<a class=\"elementor-button elementor-button-link elementor-size-sm\" href=\"https:\/\/itell.solutions\/wp-content\/uploads\/2022\/10\/Skill_Matrix_Technology_Stack_ITELL_SOLUTIONS.pdf\" target=\"_blank\">\n\t\t\t\t\t\t<span class=\"elementor-button-content-wrapper\">\n\t\t\t\t\t\t\t\t\t<span class=\"elementor-button-text\">Download Skill Matrix und Technologie Stack<\/span>\n\t\t\t\t\t<\/span>\n\t\t\t\t\t<\/a>\n\t\t\t\t<\/div>\n\t\t\t\t\t\t\t\t<\/div>\n\t\t\t\t<\/div>\n\t\t\t\t<div class=\"elementor-element elementor-element-cacfd99 elementor-widget elementor-widget-spacer\" data-id=\"cacfd99\" data-element_type=\"widget\" data-widget_type=\"spacer.default\">\n\t\t\t\t<div class=\"elementor-widget-container\">\n\t\t\t\t\t\t\t<div class=\"elementor-spacer\">\n\t\t\t<div class=\"elementor-spacer-inner\"><\/div>\n\t\t<\/div>\n\t\t\t\t\t\t<\/div>\n\t\t\t\t<\/div>\n\t\t\t\t\t<\/div>\n\t\t<\/div>\n\t\t\t\t\t<\/div>\n\t\t<\/section>\n\t\t\t\t<\/div>","protected":false},"excerpt":{"rendered":"<p>Unsere F\u00e4higkeiten \/&gt; Skill Matrix und Technologie Stack \/&gt; F\u00fcr die Umsetzung Ihrer Projektidee setzen wir die angef\u00fchrten F\u00e4higkeiten ein und verwenden dazu Technologien, die sowohl modern als auch bew\u00e4hrt sind. Dadurch halten wir neben den Aufw\u00e4nden auch die technischen Risiken gering, damit auch Ihr Projekt zum Erfolgt wird. Download Skill Matrix und Technologie Stack<\/p>","protected":false},"author":8,"featured_media":0,"parent":0,"menu_order":0,"comment_status":"closed","ping_status":"closed","template":"","meta":{"footnotes":""},"class_list":["post-3228","page","type-page","status-publish","hentry"],"_links":{"self":[{"href":"https:\/\/itell.solutions\/en\/wp-json\/wp\/v2\/pages\/3228","targetHints":{"allow":["GET"]}}],"collection":[{"href":"https:\/\/itell.solutions\/en\/wp-json\/wp\/v2\/pages"}],"about":[{"href":"https:\/\/itell.solutions\/en\/wp-json\/wp\/v2\/types\/page"}],"author":[{"embeddable":true,"href":"https:\/\/itell.solutions\/en\/wp-json\/wp\/v2\/users\/8"}],"replies":[{"embeddable":true,"href":"https:\/\/itell.solutions\/en\/wp-json\/wp\/v2\/comments?post=3228"}],"version-history":[{"count":30,"href":"https:\/\/itell.solutions\/en\/wp-json\/wp\/v2\/pages\/3228\/revisions"}],"predecessor-version":[{"id":3283,"href":"https:\/\/itell.solutions\/en\/wp-json\/wp\/v2\/pages\/3228\/revisions\/3283"}],"wp:attachment":[{"href":"https:\/\/itell.solutions\/en\/wp-json\/wp\/v2\/media?parent=3228"}],"curies":[{"name":"wp","href":"https:\/\/api.w.org\/{rel}","templated":true}]}}