{"id":2882,"date":"2022-04-19T14:21:25","date_gmt":"2022-04-19T12:21:25","guid":{"rendered":"https:\/\/itell.solutions\/?page_id=2882"},"modified":"2022-04-28T07:25:08","modified_gmt":"2022-04-28T05:25:08","slug":"community-app-weinitzen","status":"publish","type":"page","link":"https:\/\/itell.solutions\/en\/community-app-weinitzen\/","title":{"rendered":"Datenschutzerkl\u00e4rung Weinitzen App"},"content":{"rendered":"<p>Der Schutz personenbezogener Daten ist uns ein gro\u00dfes Anliegen Daher verzichten wir auf die Verarbeitung personenbezogener Daten im gr\u00f6\u00dftm\u00f6glichen Umfang. Wir haben zudem als f\u00fcr die Verarbeitung Verantwortliche technische und organisatorische Ma\u00dfnahmen umgesetzt, um einen m\u00f6glichst l\u00fcckenlosen Schutz der personenbezogenen Daten sicherzustellen.<\/p>\n\n\n\n<p><strong>Betroffene Personen<\/strong> sind gem. DSGVO identifizierte oder identifizierbare nat\u00fcrliche Personen, deren personenbezogene Daten von dem f\u00fcr die Verarbeitung Verantwortlichen verarbeitet werden. <strong>Personenbezogene Daten<\/strong> sind Informationen, die sich auf eine betroffene Person beziehen<\/p>\n\n\n\n<p><strong>Verantwortlicher<\/strong> f\u00fcr die Datenverarbeitung im Sinne des Datenschutzgesetzes ist:<br>Gemeinde Weinitzen<br>Name Andreas Gutl<br>Adresse: Kirchplatz 4, 8044 Weinitzen<br>E-Mail andreas.gutl@weinitzen.gv.at<\/p>\n\n\n\n<h2 class=\"wp-block-heading\">Zwecke und Rechtsgrundlage der Datenverarbeitungen<\/h2>\n\n\n\n<p>In Folge informieren wir Sie \u00fcber die wichtigsten Aspekte der Datenverarbeitung im Rahmen unserer Website.<\/p>\n\n\n\n<p>Personenbezogene Daten werden ausschlie\u00dflich auf <strong>Grundlage der gesetzlichen Bestimmungen<\/strong> verarbeitet, und zwar Art. 6 Abs. 1 lit. a DSGVO (Einwilligung) sowie Art. 6 Abs. 1 lit. f DSGVO (berechtigtes Interesse).<\/p>\n\n\n\n<ul class=\"wp-block-list\"><li>Durch den <strong>Download der App<\/strong> werden die daf\u00fcr erforderlichen Daten an den jeweiligen App Store (z.B. Apple App Store oder Google Play) \u00fcbermittelt. Dies kann die individuelle Ger\u00e4tekennziffer, den Zeitpunkt des Downloads und Ihren Account bzw. Nutzernamen betreffen. Die Verarbeitung dieser Daten erfolgt im jeweiligen App Store und unterliegt nicht unserem Einflussbereich.<\/li><li>Im Rahmen der <strong>Nutzung der App<\/strong> werden bestimmte Daten (Betriebssystem, Zeitpunkt der Nutzung, Token f\u00fcr Push Nachrichten) automatisch \u00fcbermittelt, um den Dienst zur Verf\u00fcgung zu stellen, Funktionen und Leistungsmerkmale der App zu verbessern und Missbrauch sowie Fehlfunktionen vorzubeugen. Grundlage daf\u00fcr ist Art 6 Abs 1 lit f DSGVO.<\/li><li>Sie k\u00f6nnen den Erhalt von <strong>Push-Nachrichten<\/strong> \u00fcber die App anfordern. Diese Push-Nachrichten k\u00f6nnen beispielsweise aktuelle Informationen zur Gemeinde Weinitzen enthalten. Der Versand der Push-Nachrichten der Weinitzen App erfolgt ausschlie\u00dflich nach Ihrer Einwilligung (Art 6 Abs 1 lit a DSGVO)&nbsp; und kann von Ihnen auch jederzeit deaktiviert werde: Dazu&nbsp;<br>&nbsp;* \u00f6ffnen Sie die &#8222;Mehr Seite&#8220; der App (rechts unten in der Men\u00fcleiste)<br>&nbsp;* w\u00e4hlen Sie den Unterpunkt &#8222;Neuigkeiten-Kategorien&#8220; \u00e4ndern<br>&nbsp;* deaktivieren Sie die Benachrichtigungen bei allen Unterpunkten zu denen Sie keine Benachrichtigungen erhalten m\u00f6chten.<\/li><li>Um den Versand von Push-Benachrichtigungen zu erm\u00f6glichen, wird der Dienst <strong>Firebase Cloud Messaging<\/strong> verwendet. Beim Erst-Start der App wird ein \u201eFirebase Cloud Messaging Registration-Token&#8220; erstellt, durch welchen die App-Installation auf Ihrem Ger\u00e4t eindeutig identifiziert wird. Dieser Token dient zum Erkennen des Nachrichtenziels und ist f\u00fcr die \u00dcbermittlung von Push Nachrichten technisch erforderlich. Rechtsgrundlage ist dem entsprechend Art 6 Abs 1 lit f DSGVO. Die Einstellungen, zu welchen Themen der Weinitzen App Sie Nachrichten erhalten wollen, werden in Verbindung mit dem anonymisierten Token gespeichert und bis auf Widerruf aufbewahrt. Der Versand der Nachrichten l\u00e4uft \u00fcber den Dienstanbieter Google Inc. Im europ\u00e4ischen Raum ist das Unternehmen Google Ireland Limited, Gordon House, Barrow Street Dublin 4, f\u00fcr den Dienst verantwortlich. Weitere Informationen zu den Datenschutzrichtlinien von Google Firebase Cloud Messaging finden Sie unter <a href=\"https:\/\/firebase.google.com\/support\/privacy\" target=\"_blank\" rel=\"noopener\">https:\/\/firebase.google.com\/support\/privacy<\/a>.<\/li><\/ul>\n\n\n\n<h2 class=\"wp-block-heading\">Ihre Rechte als betroffene Person<\/h2>\n\n\n\n<p>Betroffene Personen haben das Recht, eine Auskunft \u00fcber ihre personenbezogenen Daten einzuholen sowie die Berichtigung, L\u00f6schung, Einschr\u00e4nkung der Verarbeitung sowie Daten\u00fcbertragung der angegebenen personenbezogenen Daten zu verlangen. Sie k\u00f6nnen weiters unter bestimmten Umst\u00e4nden der Verarbeitung ihrer personenbezogenen Daten widersprechen oder die f\u00fcr das Verarbeiten zuvor gegebene Einwilligung widerrufen. Sie k\u00f6nnen diese Antr\u00e4ge an die oben angegebenen Kontaktdaten unter Angabe Ihres Antrages richten.<\/p>\n\n\n\n<p>Sollten Sie weitere Fragen zu den Datenverarbeitungen haben, wenden Sie sich bitte an die unten angef\u00fchrte Kontaktadresse. Sollten Sie dennoch der Ansicht sein, dass die Verarbeitung Ihrer personenbezogenen Daten rechtswidrig erfolgt, k\u00f6nnen Sie sich zus\u00e4tzlich an die \u00f6sterreichische Datenschutzbeh\u00f6rde (<a href=\"https:\/\/www.dsb.gv.at\/\" target=\"_blank\" rel=\"noopener\">https:\/\/www.dsb.gv.at\/<\/a>) wenden.<\/p>\n\n\n\n<h2 class=\"wp-block-heading\">Unsere Kontaktdaten<\/h2>\n\n\n\n<p>F\u00fcr Fragen zum Datenschutz schicken Sie uns bitte eine Nachricht an andreas.gutl@weinitzen.gv.at mit dem Betreff \u201eDatenschutz\u201c.&nbsp;&nbsp;<\/p>","protected":false},"excerpt":{"rendered":"<p>Der Schutz personenbezogener Daten ist uns ein gro\u00dfes Anliegen Daher verzichten wir auf die Verarbeitung personenbezogener Daten im gr\u00f6\u00dftm\u00f6glichen Umfang. Wir haben zudem als f\u00fcr die Verarbeitung Verantwortliche technische und organisatorische Ma\u00dfnahmen umgesetzt, um einen m\u00f6glichst l\u00fcckenlosen Schutz der personenbezogenen Daten sicherzustellen. Betroffene Personen sind gem. DSGVO identifizierte oder identifizierbare nat\u00fcrliche Personen, deren personenbezogene Daten [&hellip;]<\/p>\n","protected":false},"author":8,"featured_media":0,"parent":0,"menu_order":0,"comment_status":"closed","ping_status":"closed","template":"","meta":{"footnotes":""},"class_list":["post-2882","page","type-page","status-publish","hentry"],"_links":{"self":[{"href":"https:\/\/itell.solutions\/en\/wp-json\/wp\/v2\/pages\/2882","targetHints":{"allow":["GET"]}}],"collection":[{"href":"https:\/\/itell.solutions\/en\/wp-json\/wp\/v2\/pages"}],"about":[{"href":"https:\/\/itell.solutions\/en\/wp-json\/wp\/v2\/types\/page"}],"author":[{"embeddable":true,"href":"https:\/\/itell.solutions\/en\/wp-json\/wp\/v2\/users\/8"}],"replies":[{"embeddable":true,"href":"https:\/\/itell.solutions\/en\/wp-json\/wp\/v2\/comments?post=2882"}],"version-history":[{"count":3,"href":"https:\/\/itell.solutions\/en\/wp-json\/wp\/v2\/pages\/2882\/revisions"}],"predecessor-version":[{"id":2888,"href":"https:\/\/itell.solutions\/en\/wp-json\/wp\/v2\/pages\/2882\/revisions\/2888"}],"wp:attachment":[{"href":"https:\/\/itell.solutions\/en\/wp-json\/wp\/v2\/media?parent=2882"}],"curies":[{"name":"wp","href":"https:\/\/api.w.org\/{rel}","templated":true}]}}