{"id":2476,"date":"2021-10-12T12:47:21","date_gmt":"2021-10-12T10:47:21","guid":{"rendered":"https:\/\/itell.solutions\/?page_id=2476"},"modified":"2022-04-05T14:25:47","modified_gmt":"2022-04-05T12:25:47","slug":"blog","status":"publish","type":"page","link":"https:\/\/itell.solutions\/en\/blog\/","title":{"rendered":"Blog"},"content":{"rendered":"<div data-elementor-type=\"wp-page\" data-elementor-id=\"2476\" class=\"elementor elementor-2476\" data-elementor-post-type=\"page\">\n\t\t\t\t\t\t<section class=\"elementor-section elementor-top-section elementor-element elementor-element-f4be849 elementor-section-boxed elementor-section-height-default elementor-section-height-default\" data-id=\"f4be849\" data-element_type=\"section\">\n\t\t\t\t\t\t<div class=\"elementor-container elementor-column-gap-default\">\n\t\t\t\t\t<div class=\"elementor-column elementor-col-100 elementor-top-column elementor-element elementor-element-b34fa59\" data-id=\"b34fa59\" data-element_type=\"column\">\n\t\t\t<div class=\"elementor-widget-wrap elementor-element-populated\">\n\t\t\t\t\t\t<div class=\"elementor-element elementor-element-468ab40 elementor-widget elementor-widget-heading\" data-id=\"468ab40\" data-element_type=\"widget\" data-widget_type=\"heading.default\">\n\t\t\t\t<div class=\"elementor-widget-container\">\n\t\t\t\t\t<h2 class=\"elementor-heading-title elementor-size-default\">ITELL.SOLUTIONS Blog<\/h2>\t\t\t\t<\/div>\n\t\t\t\t<\/div>\n\t\t\t\t\t<\/div>\n\t\t<\/div>\n\t\t\t\t\t<\/div>\n\t\t<\/section>\n\t\t\t\t<section class=\"elementor-section elementor-top-section elementor-element elementor-element-b74d1b0 elementor-section-boxed elementor-section-height-default elementor-section-height-default\" data-id=\"b74d1b0\" data-element_type=\"section\">\n\t\t\t\t\t\t<div class=\"elementor-container elementor-column-gap-default\">\n\t\t\t\t\t<div class=\"elementor-column elementor-col-100 elementor-top-column elementor-element elementor-element-92675f4\" data-id=\"92675f4\" data-element_type=\"column\">\n\t\t\t<div class=\"elementor-widget-wrap elementor-element-populated\">\n\t\t\t\t\t\t<div class=\"elementor-element elementor-element-fc8179b elementor-grid-3 elementor-grid-tablet-2 elementor-grid-mobile-1 elementor-posts--thumbnail-top elementor-widget elementor-widget-posts\" data-id=\"fc8179b\" data-element_type=\"widget\" data-settings=\"{&quot;classic_columns&quot;:&quot;3&quot;,&quot;classic_columns_tablet&quot;:&quot;2&quot;,&quot;classic_columns_mobile&quot;:&quot;1&quot;,&quot;classic_row_gap&quot;:{&quot;unit&quot;:&quot;px&quot;,&quot;size&quot;:35,&quot;sizes&quot;:[]},&quot;classic_row_gap_tablet&quot;:{&quot;unit&quot;:&quot;px&quot;,&quot;size&quot;:&quot;&quot;,&quot;sizes&quot;:[]},&quot;classic_row_gap_mobile&quot;:{&quot;unit&quot;:&quot;px&quot;,&quot;size&quot;:&quot;&quot;,&quot;sizes&quot;:[]}}\" data-widget_type=\"posts.classic\">\n\t\t\t\t<div class=\"elementor-widget-container\">\n\t\t\t\t\t\t\t<div class=\"elementor-posts-container elementor-posts elementor-posts--skin-classic elementor-grid\">\n\t\t\t\t<article class=\"elementor-post elementor-grid-item post-3289 post type-post status-publish format-standard has-post-thumbnail hentry category-allgemein category-wissen2go tag-digitalisierung tag-individualloesung tag-produktentwicklung tag-prozessoptimierung tag-softwareentwicklung tag-workshop\">\n\t\t\t\t<a class=\"elementor-post__thumbnail__link\" href=\"https:\/\/itell.solutions\/en\/workshop-fuer-digitale-produktentwicklung\/\" tabindex=\"-1\">\n\t\t\t<div class=\"elementor-post__thumbnail\"><img fetchpriority=\"high\" decoding=\"async\" width=\"300\" height=\"216\" src=\"https:\/\/itell.solutions\/wp-content\/uploads\/2023\/05\/workshop_domi_andi_kampl-300x216.jpg\" class=\"attachment-medium size-medium wp-image-3492\" alt=\"\" srcset=\"https:\/\/itell.solutions\/wp-content\/uploads\/2023\/05\/workshop_domi_andi_kampl-300x216.jpg 300w, https:\/\/itell.solutions\/wp-content\/uploads\/2023\/05\/workshop_domi_andi_kampl-1024x738.jpg 1024w, https:\/\/itell.solutions\/wp-content\/uploads\/2023\/05\/workshop_domi_andi_kampl-768x553.jpg 768w, https:\/\/itell.solutions\/wp-content\/uploads\/2023\/05\/workshop_domi_andi_kampl-1536x1107.jpg 1536w, https:\/\/itell.solutions\/wp-content\/uploads\/2023\/05\/workshop_domi_andi_kampl-18x12.jpg 18w, https:\/\/itell.solutions\/wp-content\/uploads\/2023\/05\/workshop_domi_andi_kampl.jpg 2000w\" sizes=\"(max-width: 300px) 100vw, 300px\" \/><\/div>\n\t\t<\/a>\n\t\t\t\t<div class=\"elementor-post__text\">\n\t\t\t\t<h3 class=\"elementor-post__title\">\n\t\t\t<a href=\"https:\/\/itell.solutions\/en\/workshop-fuer-digitale-produktentwicklung\/\">\n\t\t\t\tWorkshop f\u00fcr digitale Produktentwicklung\t\t\t<\/a>\n\t\t<\/h3>\n\t\t\t\t<div class=\"elementor-post__meta-data\">\n\t\t\t\t\t<span class=\"elementor-post-date\">\n\t\t\t12. October 2022\t\t<\/span>\n\t\t\t\t<span class=\"elementor-post-avatar\">\n\t\t\tNo Comments\t\t<\/span>\n\t\t\t\t<\/div>\n\t\t\t\t<div class=\"elementor-post__excerpt\">\n\t\t\t<p>Sie haben eine Idee f\u00fcr ein digitales Produkt, sind aber noch nicht sicher, ob und wie sie sich umsetzen l\u00e4sst? Wir k\u00f6nnen sie dabei mit unserem Workshop zur digitalen Produktentwicklung unterst\u00fctzen. <\/p>\n\t\t<\/div>\n\t\t\n\t\t<a class=\"elementor-post__read-more\" href=\"https:\/\/itell.solutions\/en\/workshop-fuer-digitale-produktentwicklung\/\" aria-label=\"Read more about Workshop f\u00fcr digitale Produktentwicklung\" tabindex=\"-1\">\n\t\t\tWeiterlesen \u00bb\t\t<\/a>\n\n\t\t\t\t<\/div>\n\t\t\t\t<\/article>\n\t\t\t\t<article class=\"elementor-post elementor-grid-item post-3080 post type-post status-publish format-standard has-post-thumbnail hentry category-itell-insights tag-homeoffice tag-it tag-new-work tag-produktivitaetssteigerung tag-recruiting tag-schlagworte-tags-remote-work tag-softwareentwicklung tag-work-life-balance\">\n\t\t\t\t<a class=\"elementor-post__thumbnail__link\" href=\"https:\/\/itell.solutions\/en\/mit-dem-laptop-am-schiff-7-benefits-von-remote-work\/\" tabindex=\"-1\">\n\t\t\t<div class=\"elementor-post__thumbnail\"><img decoding=\"async\" width=\"300\" height=\"260\" src=\"https:\/\/itell.solutions\/wp-content\/uploads\/2022\/09\/Phil.Remote-300x260.jpg\" class=\"attachment-medium size-medium wp-image-3087\" alt=\"Laptop am Schiff\" srcset=\"https:\/\/itell.solutions\/wp-content\/uploads\/2022\/09\/Phil.Remote-300x260.jpg 300w, https:\/\/itell.solutions\/wp-content\/uploads\/2022\/09\/Phil.Remote-1024x887.jpg 1024w, https:\/\/itell.solutions\/wp-content\/uploads\/2022\/09\/Phil.Remote-768x665.jpg 768w, https:\/\/itell.solutions\/wp-content\/uploads\/2022\/09\/Phil.Remote-14x12.jpg 14w, https:\/\/itell.solutions\/wp-content\/uploads\/2022\/09\/Phil.Remote.jpg 1336w\" sizes=\"(max-width: 300px) 100vw, 300px\" \/><\/div>\n\t\t<\/a>\n\t\t\t\t<div class=\"elementor-post__text\">\n\t\t\t\t<h3 class=\"elementor-post__title\">\n\t\t\t<a href=\"https:\/\/itell.solutions\/en\/mit-dem-laptop-am-schiff-7-benefits-von-remote-work\/\">\n\t\t\t\tMit dem Laptop am Schiff \u2013 7 Benefits von Remote Work\t\t\t<\/a>\n\t\t<\/h3>\n\t\t\t\t<div class=\"elementor-post__meta-data\">\n\t\t\t\t\t<span class=\"elementor-post-date\">\n\t\t\t15. September 2022\t\t<\/span>\n\t\t\t\t<span class=\"elementor-post-avatar\">\n\t\t\tNo Comments\t\t<\/span>\n\t\t\t\t<\/div>\n\t\t\t\t<div class=\"elementor-post__excerpt\">\n\t\t\t<p>Remote-Work und Homeoffice sind endg\u00fcltig im normalen Arbeitsleben angekommen.  In der IT-Branche ist das Arbeiten au\u00dferhalb des Firmensitzes schon l\u00e4nger gelebte Praxis. Wir verraten dir unsere 7 Benefits von Remote Work.<\/p>\n\t\t<\/div>\n\t\t\n\t\t<a class=\"elementor-post__read-more\" href=\"https:\/\/itell.solutions\/en\/mit-dem-laptop-am-schiff-7-benefits-von-remote-work\/\" aria-label=\"Read more about Mit dem Laptop am Schiff \u2013 7 Benefits von Remote Work\" tabindex=\"-1\">\n\t\t\tWeiterlesen \u00bb\t\t<\/a>\n\n\t\t\t\t<\/div>\n\t\t\t\t<\/article>\n\t\t\t\t<article class=\"elementor-post elementor-grid-item post-2944 post type-post status-publish format-standard has-post-thumbnail hentry category-wissen2go category-allgemein tag-android-studio tag-app tag-flutter tag-flutter_intl tag-internationalization tag-intl tag-localization\">\n\t\t\t\t<a class=\"elementor-post__thumbnail__link\" href=\"https:\/\/itell.solutions\/en\/elementor-2944\/\" tabindex=\"-1\">\n\t\t\t<div class=\"elementor-post__thumbnail\"><img decoding=\"async\" width=\"300\" height=\"196\" src=\"https:\/\/itell.solutions\/wp-content\/uploads\/2022\/05\/pexels-andrea-piacquadio-3769138-1-300x196.jpg\" class=\"attachment-medium size-medium wp-image-2956\" alt=\"Internationalization\" srcset=\"https:\/\/itell.solutions\/wp-content\/uploads\/2022\/05\/pexels-andrea-piacquadio-3769138-1-300x196.jpg 300w, https:\/\/itell.solutions\/wp-content\/uploads\/2022\/05\/pexels-andrea-piacquadio-3769138-1-1024x670.jpg 1024w, https:\/\/itell.solutions\/wp-content\/uploads\/2022\/05\/pexels-andrea-piacquadio-3769138-1-768x503.jpg 768w, https:\/\/itell.solutions\/wp-content\/uploads\/2022\/05\/pexels-andrea-piacquadio-3769138-1-18x12.jpg 18w, https:\/\/itell.solutions\/wp-content\/uploads\/2022\/05\/pexels-andrea-piacquadio-3769138-1.jpg 1280w\" sizes=\"(max-width: 300px) 100vw, 300px\" \/><\/div>\n\t\t<\/a>\n\t\t\t\t<div class=\"elementor-post__text\">\n\t\t\t\t<h3 class=\"elementor-post__title\">\n\t\t\t<a href=\"https:\/\/itell.solutions\/en\/elementor-2944\/\">\n\t\t\t\tSimple and easy internationalization with Flutter\t\t\t<\/a>\n\t\t<\/h3>\n\t\t\t\t<div class=\"elementor-post__meta-data\">\n\t\t\t\t\t<span class=\"elementor-post-date\">\n\t\t\t18. May 2022\t\t<\/span>\n\t\t\t\t<span class=\"elementor-post-avatar\">\n\t\t\tNo Comments\t\t<\/span>\n\t\t\t\t<\/div>\n\t\t\t\t<div class=\"elementor-post__excerpt\">\n\t\t\t<p>Internationalization is an important part when we are developing modern Flutter apps. We show you how this can be done &#8211; easy and fast.<\/p>\n\t\t<\/div>\n\t\t\n\t\t<a class=\"elementor-post__read-more\" href=\"https:\/\/itell.solutions\/en\/elementor-2944\/\" aria-label=\"Read more about Simple and easy internationalization with Flutter\" tabindex=\"-1\">\n\t\t\tWeiterlesen \u00bb\t\t<\/a>\n\n\t\t\t\t<\/div>\n\t\t\t\t<\/article>\n\t\t\t\t<article class=\"elementor-post elementor-grid-item post-2684 post type-post status-publish format-standard has-post-thumbnail hentry category-itell-insights tag-fh-campus-02 tag-python tag-quereinsteigerin tag-softwareentwicklung tag-zam\">\n\t\t\t\t<a class=\"elementor-post__thumbnail__link\" href=\"https:\/\/itell.solutions\/en\/tausche-tarnfarbe-gegen-python-wie-ich-zur-softwareentwicklung-kam-und-5-tipps-fuer-quereinsteigerinnen-in-der-it\/\" tabindex=\"-1\">\n\t\t\t<div class=\"elementor-post__thumbnail\"><img loading=\"lazy\" decoding=\"async\" width=\"300\" height=\"189\" src=\"https:\/\/itell.solutions\/wp-content\/uploads\/2022\/03\/woman-g7009c8191_1920-300x189.jpg\" class=\"attachment-medium size-medium wp-image-2687\" alt=\"\" srcset=\"https:\/\/itell.solutions\/wp-content\/uploads\/2022\/03\/woman-g7009c8191_1920-300x189.jpg 300w, https:\/\/itell.solutions\/wp-content\/uploads\/2022\/03\/woman-g7009c8191_1920-1024x645.jpg 1024w, https:\/\/itell.solutions\/wp-content\/uploads\/2022\/03\/woman-g7009c8191_1920-768x484.jpg 768w, https:\/\/itell.solutions\/wp-content\/uploads\/2022\/03\/woman-g7009c8191_1920-1536x968.jpg 1536w, https:\/\/itell.solutions\/wp-content\/uploads\/2022\/03\/woman-g7009c8191_1920-18x12.jpg 18w, https:\/\/itell.solutions\/wp-content\/uploads\/2022\/03\/woman-g7009c8191_1920.jpg 1920w\" sizes=\"(max-width: 300px) 100vw, 300px\" \/><\/div>\n\t\t<\/a>\n\t\t\t\t<div class=\"elementor-post__text\">\n\t\t\t\t<h3 class=\"elementor-post__title\">\n\t\t\t<a href=\"https:\/\/itell.solutions\/en\/tausche-tarnfarbe-gegen-python-wie-ich-zur-softwareentwicklung-kam-und-5-tipps-fuer-quereinsteigerinnen-in-der-it\/\">\n\t\t\t\tTausche Tarnfarbe gegen Python\t\t\t<\/a>\n\t\t<\/h3>\n\t\t\t\t<div class=\"elementor-post__meta-data\">\n\t\t\t\t\t<span class=\"elementor-post-date\">\n\t\t\t6. March 2022\t\t<\/span>\n\t\t\t\t<span class=\"elementor-post-avatar\">\n\t\t\tNo Comments\t\t<\/span>\n\t\t\t\t<\/div>\n\t\t\t\t<div class=\"elementor-post__excerpt\">\n\t\t\t<p>Mit diesem Blogeintrag will ich dir die Angst nehmen, dich mit der IT zu besch\u00e4ftigen und dich von dieser Karrierem\u00f6glichkeit \u00fcberzeugen.<\/p>\n\t\t<\/div>\n\t\t\n\t\t<a class=\"elementor-post__read-more\" href=\"https:\/\/itell.solutions\/en\/tausche-tarnfarbe-gegen-python-wie-ich-zur-softwareentwicklung-kam-und-5-tipps-fuer-quereinsteigerinnen-in-der-it\/\" aria-label=\"Read more about Tausche Tarnfarbe gegen Python\" tabindex=\"-1\">\n\t\t\tWeiterlesen \u00bb\t\t<\/a>\n\n\t\t\t\t<\/div>\n\t\t\t\t<\/article>\n\t\t\t\t<article class=\"elementor-post elementor-grid-item post-2608 post type-post status-publish format-standard has-post-thumbnail hentry category-allgemein category-wissen2go tag-angular tag-different-base-urls tag-redirect tag-routing\">\n\t\t\t\t<a class=\"elementor-post__thumbnail__link\" href=\"https:\/\/itell.solutions\/en\/angular-using-two-different-base-urls-in-one-project\/\" tabindex=\"-1\">\n\t\t\t<div class=\"elementor-post__thumbnail\"><img loading=\"lazy\" decoding=\"async\" width=\"300\" height=\"201\" src=\"https:\/\/itell.solutions\/wp-content\/uploads\/2022\/02\/ITELL-Angular-300x201.jpg\" class=\"attachment-medium size-medium wp-image-2622\" alt=\"Angular: Two Paths. Two ways to solve a problem.\" srcset=\"https:\/\/itell.solutions\/wp-content\/uploads\/2022\/02\/ITELL-Angular-300x201.jpg 300w, https:\/\/itell.solutions\/wp-content\/uploads\/2022\/02\/ITELL-Angular-1024x685.jpg 1024w, https:\/\/itell.solutions\/wp-content\/uploads\/2022\/02\/ITELL-Angular-768x514.jpg 768w, https:\/\/itell.solutions\/wp-content\/uploads\/2022\/02\/ITELL-Angular-1536x1028.jpg 1536w, https:\/\/itell.solutions\/wp-content\/uploads\/2022\/02\/ITELL-Angular-2048x1371.jpg 2048w, https:\/\/itell.solutions\/wp-content\/uploads\/2022\/02\/ITELL-Angular-18x12.jpg 18w\" sizes=\"(max-width: 300px) 100vw, 300px\" \/><\/div>\n\t\t<\/a>\n\t\t\t\t<div class=\"elementor-post__text\">\n\t\t\t\t<h3 class=\"elementor-post__title\">\n\t\t\t<a href=\"https:\/\/itell.solutions\/en\/angular-using-two-different-base-urls-in-one-project\/\">\n\t\t\t\tAngular: Using two different base URLs in one project.\t\t\t<\/a>\n\t\t<\/h3>\n\t\t\t\t<div class=\"elementor-post__meta-data\">\n\t\t\t\t\t<span class=\"elementor-post-date\">\n\t\t\t11. October 2021\t\t<\/span>\n\t\t\t\t<span class=\"elementor-post-avatar\">\n\t\t\tNo Comments\t\t<\/span>\n\t\t\t\t<\/div>\n\t\t\t\t<div class=\"elementor-post__excerpt\">\n\t\t\t<p>Using only one base URL for one Angular project will not always be enough. Implementing another base URL which is different from the first can<\/p>\n\t\t<\/div>\n\t\t\n\t\t<a class=\"elementor-post__read-more\" href=\"https:\/\/itell.solutions\/en\/angular-using-two-different-base-urls-in-one-project\/\" aria-label=\"Read more about Angular: Using two different base URLs in one project.\" tabindex=\"-1\">\n\t\t\tWeiterlesen \u00bb\t\t<\/a>\n\n\t\t\t\t<\/div>\n\t\t\t\t<\/article>\n\t\t\t\t<article class=\"elementor-post elementor-grid-item post-2609 post type-post status-publish format-standard has-post-thumbnail hentry category-wissen2go tag-django tag-optimierung tag-optimization tag-rest tag-serializer\">\n\t\t\t\t<a class=\"elementor-post__thumbnail__link\" href=\"https:\/\/itell.solutions\/en\/skipping-django-serialization-of-rarely-changing-objects\/\" tabindex=\"-1\">\n\t\t\t<div class=\"elementor-post__thumbnail\"><img loading=\"lazy\" decoding=\"async\" width=\"300\" height=\"186\" src=\"https:\/\/itell.solutions\/wp-content\/uploads\/2022\/02\/App-Foto.2_edit-Kopie-300x186.jpg\" class=\"attachment-medium size-medium wp-image-2611\" alt=\"Bild der Kubo App\" srcset=\"https:\/\/itell.solutions\/wp-content\/uploads\/2022\/02\/App-Foto.2_edit-Kopie-300x186.jpg 300w, https:\/\/itell.solutions\/wp-content\/uploads\/2022\/02\/App-Foto.2_edit-Kopie-1024x636.jpg 1024w, https:\/\/itell.solutions\/wp-content\/uploads\/2022\/02\/App-Foto.2_edit-Kopie-768x477.jpg 768w, https:\/\/itell.solutions\/wp-content\/uploads\/2022\/02\/App-Foto.2_edit-Kopie-1536x954.jpg 1536w, https:\/\/itell.solutions\/wp-content\/uploads\/2022\/02\/App-Foto.2_edit-Kopie-2048x1272.jpg 2048w, https:\/\/itell.solutions\/wp-content\/uploads\/2022\/02\/App-Foto.2_edit-Kopie-18x12.jpg 18w\" sizes=\"(max-width: 300px) 100vw, 300px\" \/><\/div>\n\t\t<\/a>\n\t\t\t\t<div class=\"elementor-post__text\">\n\t\t\t\t<h3 class=\"elementor-post__title\">\n\t\t\t<a href=\"https:\/\/itell.solutions\/en\/skipping-django-serialization-of-rarely-changing-objects\/\">\n\t\t\t\tSkipping Django serialization of rarely changing objects\t\t\t<\/a>\n\t\t<\/h3>\n\t\t\t\t<div class=\"elementor-post__meta-data\">\n\t\t\t\t\t<span class=\"elementor-post-date\">\n\t\t\t25. May 2021\t\t<\/span>\n\t\t\t\t<span class=\"elementor-post-avatar\">\n\t\t\tNo Comments\t\t<\/span>\n\t\t\t\t<\/div>\n\t\t\t\t<div class=\"elementor-post__excerpt\">\n\t\t\t<p>For database objects that rarely change but are often requested using a RESTful API, repeated serialization is wasteful. We show you how serialization can be<\/p>\n\t\t<\/div>\n\t\t\n\t\t<a class=\"elementor-post__read-more\" href=\"https:\/\/itell.solutions\/en\/skipping-django-serialization-of-rarely-changing-objects\/\" aria-label=\"Read more about Skipping Django serialization of rarely changing objects\" tabindex=\"-1\">\n\t\t\tWeiterlesen \u00bb\t\t<\/a>\n\n\t\t\t\t<\/div>\n\t\t\t\t<\/article>\n\t\t\t\t<article class=\"elementor-post elementor-grid-item post-2088 post type-post status-publish format-standard has-post-thumbnail hentry category-allgemein\">\n\t\t\t\t<a class=\"elementor-post__thumbnail__link\" href=\"https:\/\/itell.solutions\/en\/loyalty-programs-some-facts\/\" tabindex=\"-1\">\n\t\t\t<div class=\"elementor-post__thumbnail\"><img loading=\"lazy\" decoding=\"async\" width=\"300\" height=\"200\" src=\"https:\/\/itell.solutions\/wp-content\/uploads\/2020\/10\/woman-3083377_1920-300x200.jpg\" class=\"attachment-medium size-medium wp-image-2089\" alt=\"\" srcset=\"https:\/\/itell.solutions\/wp-content\/uploads\/2020\/10\/woman-3083377_1920-300x200.jpg 300w, https:\/\/itell.solutions\/wp-content\/uploads\/2020\/10\/woman-3083377_1920-1024x683.jpg 1024w, https:\/\/itell.solutions\/wp-content\/uploads\/2020\/10\/woman-3083377_1920-768x512.jpg 768w, https:\/\/itell.solutions\/wp-content\/uploads\/2020\/10\/woman-3083377_1920-1536x1024.jpg 1536w, https:\/\/itell.solutions\/wp-content\/uploads\/2020\/10\/woman-3083377_1920.jpg 1920w\" sizes=\"(max-width: 300px) 100vw, 300px\" \/><\/div>\n\t\t<\/a>\n\t\t\t\t<div class=\"elementor-post__text\">\n\t\t\t\t<h3 class=\"elementor-post__title\">\n\t\t\t<a href=\"https:\/\/itell.solutions\/en\/loyalty-programs-some-facts\/\">\n\t\t\t\tLoyalty Programs &#8211; Some facts\t\t\t<\/a>\n\t\t<\/h3>\n\t\t\t\t<div class=\"elementor-post__meta-data\">\n\t\t\t\t\t<span class=\"elementor-post-date\">\n\t\t\t21. October 2020\t\t<\/span>\n\t\t\t\t<span class=\"elementor-post-avatar\">\n\t\t\tNo Comments\t\t<\/span>\n\t\t\t\t<\/div>\n\t\t\t\t<div class=\"elementor-post__excerpt\">\n\t\t\t<p>LOYALTY SYSTEM According to previous studies, costs to acquire new customers can be up to 25 times higher than selling to existing ones. Additionally your<\/p>\n\t\t<\/div>\n\t\t\n\t\t<a class=\"elementor-post__read-more\" href=\"https:\/\/itell.solutions\/en\/loyalty-programs-some-facts\/\" aria-label=\"Read more about Loyalty Programs &#8211; Some facts\" tabindex=\"-1\">\n\t\t\tWeiterlesen \u00bb\t\t<\/a>\n\n\t\t\t\t<\/div>\n\t\t\t\t<\/article>\n\t\t\t\t<article class=\"elementor-post elementor-grid-item post-2078 post type-post status-publish format-standard has-post-thumbnail hentry category-allgemein tag-ehrlich tag-feedback tag-ki tag-management tag-system\">\n\t\t\t\t<a class=\"elementor-post__thumbnail__link\" href=\"https:\/\/itell.solutions\/en\/10-fakten-ueber-unser-feedback-system-tellers\/\" tabindex=\"-1\">\n\t\t\t<div class=\"elementor-post__thumbnail\"><img loading=\"lazy\" decoding=\"async\" width=\"300\" height=\"225\" src=\"https:\/\/itell.solutions\/wp-content\/uploads\/2020\/10\/5-Kopie-300x225.png\" class=\"attachment-medium size-medium wp-image-2082\" alt=\"Tellers\" srcset=\"https:\/\/itell.solutions\/wp-content\/uploads\/2020\/10\/5-Kopie-300x225.png 300w, https:\/\/itell.solutions\/wp-content\/uploads\/2020\/10\/5-Kopie-1024x768.png 1024w, https:\/\/itell.solutions\/wp-content\/uploads\/2020\/10\/5-Kopie-768x576.png 768w, https:\/\/itell.solutions\/wp-content\/uploads\/2020\/10\/5-Kopie-1536x1152.png 1536w, https:\/\/itell.solutions\/wp-content\/uploads\/2020\/10\/5-Kopie-2048x1536.png 2048w\" sizes=\"(max-width: 300px) 100vw, 300px\" \/><\/div>\n\t\t<\/a>\n\t\t\t\t<div class=\"elementor-post__text\">\n\t\t\t\t<h3 class=\"elementor-post__title\">\n\t\t\t<a href=\"https:\/\/itell.solutions\/en\/10-fakten-ueber-unser-feedback-system-tellers\/\">\n\t\t\t\t10 Fakten \u00fcber unser Feedback System TeLLers\t\t\t<\/a>\n\t\t<\/h3>\n\t\t\t\t<div class=\"elementor-post__meta-data\">\n\t\t\t\t\t<span class=\"elementor-post-date\">\n\t\t\t21. October 2020\t\t<\/span>\n\t\t\t\t<span class=\"elementor-post-avatar\">\n\t\t\tNo Comments\t\t<\/span>\n\t\t\t\t<\/div>\n\t\t\t\t<div class=\"elementor-post__excerpt\">\n\t\t\t<p>F\u00fcr Gastronome, Verk\u00e4ufer und Unternehmer ist Feedback von Kunden unerl\u00e4sslich, um nachhaltig die Kundenzufriedenheit zu steigern. Mit TeLLers werden alle Online-Bewertungen in einem Dashboard verwaltet<\/p>\n\t\t<\/div>\n\t\t\n\t\t<a class=\"elementor-post__read-more\" href=\"https:\/\/itell.solutions\/en\/10-fakten-ueber-unser-feedback-system-tellers\/\" aria-label=\"Read more about 10 Fakten \u00fcber unser Feedback System TeLLers\" tabindex=\"-1\">\n\t\t\tWeiterlesen \u00bb\t\t<\/a>\n\n\t\t\t\t<\/div>\n\t\t\t\t<\/article>\n\t\t\t\t<article class=\"elementor-post elementor-grid-item post-1990 post type-post status-publish format-standard has-post-thumbnail hentry category-allgemein tag-anonym tag-beschwerdemanagement tag-digital tag-feedback\">\n\t\t\t\t<a class=\"elementor-post__thumbnail__link\" href=\"https:\/\/itell.solutions\/en\/feedbacksystem-daten-fakten\/\" tabindex=\"-1\">\n\t\t\t<div class=\"elementor-post__thumbnail\"><img loading=\"lazy\" decoding=\"async\" width=\"220\" height=\"300\" src=\"https:\/\/itell.solutions\/wp-content\/uploads\/2020\/09\/3-Kopieweb-220x300.png\" class=\"attachment-medium size-medium wp-image-2086\" alt=\"\" \/><\/div>\n\t\t<\/a>\n\t\t\t\t<div class=\"elementor-post__text\">\n\t\t\t\t<h3 class=\"elementor-post__title\">\n\t\t\t<a href=\"https:\/\/itell.solutions\/en\/feedbacksystem-daten-fakten\/\">\n\t\t\t\tFeedbacksystem &#8211; Daten &#038; Fakten\t\t\t<\/a>\n\t\t<\/h3>\n\t\t\t\t<div class=\"elementor-post__meta-data\">\n\t\t\t\t\t<span class=\"elementor-post-date\">\n\t\t\t29. September 2020\t\t<\/span>\n\t\t\t\t<span class=\"elementor-post-avatar\">\n\t\t\tNo Comments\t\t<\/span>\n\t\t\t\t<\/div>\n\t\t\t\t<div class=\"elementor-post__excerpt\">\n\t\t\t<p>WHY? FEEDBACK \u2013 Customer feedback is essential to increase customer satisfaction sustainably, because it guides and informs your decision making and clears the path for<\/p>\n\t\t<\/div>\n\t\t\n\t\t<a class=\"elementor-post__read-more\" href=\"https:\/\/itell.solutions\/en\/feedbacksystem-daten-fakten\/\" aria-label=\"Read more about Feedbacksystem &#8211; Daten &#038; Fakten\" tabindex=\"-1\">\n\t\t\tWeiterlesen \u00bb\t\t<\/a>\n\n\t\t\t\t<\/div>\n\t\t\t\t<\/article>\n\t\t\t\t<\/div>\n\t\t\n\t\t\t\t\t\t<\/div>\n\t\t\t\t<\/div>\n\t\t\t\t\t<\/div>\n\t\t<\/div>\n\t\t\t\t\t<\/div>\n\t\t<\/section>\n\t\t\t\t<\/div>","protected":false},"excerpt":{"rendered":"<p>ITELL.SOLUTIONS Blog occon collagen foundation resmi sat\u0131\u015f sitesi<\/p>","protected":false},"author":4,"featured_media":0,"parent":0,"menu_order":0,"comment_status":"closed","ping_status":"closed","template":"","meta":{"footnotes":""},"class_list":["post-2476","page","type-page","status-publish","hentry"],"_links":{"self":[{"href":"https:\/\/itell.solutions\/en\/wp-json\/wp\/v2\/pages\/2476","targetHints":{"allow":["GET"]}}],"collection":[{"href":"https:\/\/itell.solutions\/en\/wp-json\/wp\/v2\/pages"}],"about":[{"href":"https:\/\/itell.solutions\/en\/wp-json\/wp\/v2\/types\/page"}],"author":[{"embeddable":true,"href":"https:\/\/itell.solutions\/en\/wp-json\/wp\/v2\/users\/4"}],"replies":[{"embeddable":true,"href":"https:\/\/itell.solutions\/en\/wp-json\/wp\/v2\/comments?post=2476"}],"version-history":[{"count":25,"href":"https:\/\/itell.solutions\/en\/wp-json\/wp\/v2\/pages\/2476\/revisions"}],"predecessor-version":[{"id":2835,"href":"https:\/\/itell.solutions\/en\/wp-json\/wp\/v2\/pages\/2476\/revisions\/2835"}],"wp:attachment":[{"href":"https:\/\/itell.solutions\/en\/wp-json\/wp\/v2\/media?parent=2476"}],"curies":[{"name":"wp","href":"https:\/\/api.w.org\/{rel}","templated":true}]}}